{"id":369677,"date":"2024-10-20T12:28:50","date_gmt":"2024-10-20T12:28:50","guid":{"rendered":"https:\/\/irankiuzona.lt\/product\/reples-soninio-kandimo-znyples-160mm\/"},"modified":"2026-04-17T05:12:54","modified_gmt":"2026-04-17T05:12:54","slug":"reples-soninio-kandimo-znyples-160mm","status":"publish","type":"product","link":"https:\/\/irankiuzona.lt\/ru\/product\/reples-soninio-kandimo-znyples-160mm\/","title":{"rendered":"Repl\u0117s \u0161oninio kandimo, \u017enypl\u0117s 160mm"},"content":{"rendered":"<p>Ilgis 160 mm<\/p>","protected":false},"excerpt":{"rendered":"<p>Repl\u0117s \u0161oninio kandimo, \u017enypl\u0117s 160mm<\/p>","protected":false},"featured_media":165429,"comment_status":"open","ping_status":"open","template":"","meta":[],"product_cat":[9661],"product_tag":[9628],"class_list":{"0":"post-369677","1":"product","2":"type-product","3":"status-publish","4":"has-post-thumbnail","6":"product_brand-condor-lenkija","7":"product_cat-reples-soninio-kandimo-znyples-trosui","8":"product_tag-condor-lenkija","10":"first","11":"instock","12":"purchasable","13":"product-type-simple"},"jetpack_sharing_enabled":true,"_links":{"self":[{"href":"https:\/\/irankiuzona.lt\/ru\/wp-json\/wp\/v2\/product\/369677","targetHints":{"allow":["GET"]}}],"collection":[{"href":"https:\/\/irankiuzona.lt\/ru\/wp-json\/wp\/v2\/product"}],"about":[{"href":"https:\/\/irankiuzona.lt\/ru\/wp-json\/wp\/v2\/types\/product"}],"replies":[{"embeddable":true,"href":"https:\/\/irankiuzona.lt\/ru\/wp-json\/wp\/v2\/comments?post=369677"}],"version-history":[{"count":1,"href":"https:\/\/irankiuzona.lt\/ru\/wp-json\/wp\/v2\/product\/369677\/revisions"}],"predecessor-version":[{"id":409455,"href":"https:\/\/irankiuzona.lt\/ru\/wp-json\/wp\/v2\/product\/369677\/revisions\/409455"}],"wp:featuredmedia":[{"embeddable":true,"href":"https:\/\/irankiuzona.lt\/ru\/wp-json\/wp\/v2\/media\/165429"}],"wp:attachment":[{"href":"https:\/\/irankiuzona.lt\/ru\/wp-json\/wp\/v2\/media?parent=369677"}],"wp:term":[{"taxonomy":"product_cat","embeddable":true,"href":"https:\/\/irankiuzona.lt\/ru\/wp-json\/wp\/v2\/product_cat?post=369677"},{"taxonomy":"product_tag","embeddable":true,"href":"https:\/\/irankiuzona.lt\/ru\/wp-json\/wp\/v2\/product_tag?post=369677"}],"curies":[{"name":"wp","href":"https:\/\/api.w.org\/{rel}","templated":true}]}}