{"id":369703,"date":"2024-10-20T12:29:50","date_gmt":"2024-10-20T12:29:50","guid":{"rendered":"https:\/\/irankiuzona.lt\/product\/nuemejas-trikojis-100mm\/"},"modified":"2026-05-16T01:51:41","modified_gmt":"2026-05-16T01:51:41","slug":"nuemejas-trikojis-100mm","status":"publish","type":"product","link":"https:\/\/irankiuzona.lt\/ru\/product\/nuemejas-trikojis-100mm\/","title":{"rendered":"Nu\u0117m\u0117jas trikojis 100mm"},"content":{"rendered":"<p>Guoli\u0173 nu\u0117mimo \u012frankis 3- \u0161akis 100 mm\u00a0nu\u0117m\u0117jas 3kojis \/ nu\u0117m\u0117jas 3-kojis \/ nu\u0117m\u0117jas trikojis<\/p>\n<p>reversible for internal and external, drop forged, chrome plated<\/p>","protected":false},"excerpt":{"rendered":"<p>Nu\u0117m\u0117jas trikojis 100mm<\/p>","protected":false},"featured_media":165713,"comment_status":"open","ping_status":"open","template":"","meta":[],"product_cat":[9579],"product_tag":[9462],"class_list":{"0":"post-369703","1":"product","2":"type-product","3":"status-publish","4":"has-post-thumbnail","6":"product_brand-condor-werkzeug-vokietija","7":"product_cat-trikojai-nuemejai","8":"product_tag-condor-werkzeug-vokietija","10":"first","11":"instock","12":"purchasable","13":"product-type-simple"},"jetpack_sharing_enabled":true,"_links":{"self":[{"href":"https:\/\/irankiuzona.lt\/ru\/wp-json\/wp\/v2\/product\/369703","targetHints":{"allow":["GET"]}}],"collection":[{"href":"https:\/\/irankiuzona.lt\/ru\/wp-json\/wp\/v2\/product"}],"about":[{"href":"https:\/\/irankiuzona.lt\/ru\/wp-json\/wp\/v2\/types\/product"}],"replies":[{"embeddable":true,"href":"https:\/\/irankiuzona.lt\/ru\/wp-json\/wp\/v2\/comments?post=369703"}],"version-history":[{"count":1,"href":"https:\/\/irankiuzona.lt\/ru\/wp-json\/wp\/v2\/product\/369703\/revisions"}],"predecessor-version":[{"id":409526,"href":"https:\/\/irankiuzona.lt\/ru\/wp-json\/wp\/v2\/product\/369703\/revisions\/409526"}],"wp:featuredmedia":[{"embeddable":true,"href":"https:\/\/irankiuzona.lt\/ru\/wp-json\/wp\/v2\/media\/165713"}],"wp:attachment":[{"href":"https:\/\/irankiuzona.lt\/ru\/wp-json\/wp\/v2\/media?parent=369703"}],"wp:term":[{"taxonomy":"product_cat","embeddable":true,"href":"https:\/\/irankiuzona.lt\/ru\/wp-json\/wp\/v2\/product_cat?post=369703"},{"taxonomy":"product_tag","embeddable":true,"href":"https:\/\/irankiuzona.lt\/ru\/wp-json\/wp\/v2\/product_tag?post=369703"}],"curies":[{"name":"wp","href":"https:\/\/api.w.org\/{rel}","templated":true}]}}