{"id":369705,"date":"2024-10-20T12:29:55","date_gmt":"2024-10-20T12:29:55","guid":{"rendered":"https:\/\/irankiuzona.lt\/product\/galvutes-1-2-suportams-5-kampes\/"},"modified":"2026-04-13T18:19:12","modified_gmt":"2026-04-13T18:19:12","slug":"galvutes-1-2-suportams-5-kampes","status":"publish","type":"product","link":"https:\/\/irankiuzona.lt\/ru\/product\/galvutes-1-2-suportams-5-kampes\/","title":{"rendered":"Galvut\u0117s 1\/2 suportams (5-kamp\u0117s)"},"content":{"rendered":"<p>1\/2&quot; CV 5-kamp\u0117s galvut\u0117s skirtos suport\u0173 ardymui 3 vnt.  Chrome molybdenum steel CITRO\u00cbN, OPEL, PEUGEOT, RENAULT, SMART  <\/p>\n<p>\u00a0\u00a0ProfileSizeDriveApplication<\/p>\n<p>Socket<br \/>\n 4773-01 <\/p>\n<p>pentagon<\/p>\n<p>10 mm<\/p>\n<p>1\/2&quot;<\/p>\n<p>for Girling brake systems<\/p>\n<p>Socket<br \/>\n 4773-02 <\/p>\n<p>5-point<\/p>\n<p>14 mm<\/p>\n<p>1\/2&quot;<\/p>\n<p>for Smart, Opel Astra G, Zafira<\/p>\n<p>Socket<br \/>\n 4773-03 <\/p>\n<p>5-point<\/p>\n<p>19 mm<\/p>\n<p>1\/2&quot;<\/p>\n<p>for Citroen, Renault, Peugeot<\/p>","protected":false},"excerpt":{"rendered":"<p>Galvut\u0117s 1\/2 suportams (5-kamp\u0117s)<\/p>","protected":false},"featured_media":165723,"comment_status":"open","ping_status":"open","template":"","meta":[],"product_cat":[9540],"product_tag":[9462],"class_list":{"0":"post-369705","1":"product","2":"type-product","3":"status-publish","4":"has-post-thumbnail","6":"product_brand-condor-werkzeug-vokietija","7":"product_cat-suportu-remonto-irankiai","8":"product_tag-condor-werkzeug-vokietija","10":"first","11":"instock","12":"purchasable","13":"product-type-simple"},"jetpack_sharing_enabled":true,"_links":{"self":[{"href":"https:\/\/irankiuzona.lt\/ru\/wp-json\/wp\/v2\/product\/369705","targetHints":{"allow":["GET"]}}],"collection":[{"href":"https:\/\/irankiuzona.lt\/ru\/wp-json\/wp\/v2\/product"}],"about":[{"href":"https:\/\/irankiuzona.lt\/ru\/wp-json\/wp\/v2\/types\/product"}],"replies":[{"embeddable":true,"href":"https:\/\/irankiuzona.lt\/ru\/wp-json\/wp\/v2\/comments?post=369705"}],"version-history":[{"count":1,"href":"https:\/\/irankiuzona.lt\/ru\/wp-json\/wp\/v2\/product\/369705\/revisions"}],"predecessor-version":[{"id":409531,"href":"https:\/\/irankiuzona.lt\/ru\/wp-json\/wp\/v2\/product\/369705\/revisions\/409531"}],"wp:featuredmedia":[{"embeddable":true,"href":"https:\/\/irankiuzona.lt\/ru\/wp-json\/wp\/v2\/media\/165723"}],"wp:attachment":[{"href":"https:\/\/irankiuzona.lt\/ru\/wp-json\/wp\/v2\/media?parent=369705"}],"wp:term":[{"taxonomy":"product_cat","embeddable":true,"href":"https:\/\/irankiuzona.lt\/ru\/wp-json\/wp\/v2\/product_cat?post=369705"},{"taxonomy":"product_tag","embeddable":true,"href":"https:\/\/irankiuzona.lt\/ru\/wp-json\/wp\/v2\/product_tag?post=369705"}],"curies":[{"name":"wp","href":"https:\/\/api.w.org\/{rel}","templated":true}]}}