{"id":369717,"date":"2024-10-20T12:33:47","date_gmt":"2024-10-20T12:33:47","guid":{"rendered":"https:\/\/irankiuzona.lt\/product\/antgalis-mases-isjungimui\/"},"modified":"2026-04-12T18:12:12","modified_gmt":"2026-04-12T18:12:12","slug":"antgalis-mases-isjungimui","status":"publish","type":"product","link":"https:\/\/irankiuzona.lt\/ru\/product\/antgalis-mases-isjungimui\/","title":{"rendered":"Antgalis mas\u0117s i\u0161jungimui"},"content":{"rendered":"<p>Antgalis mas\u0117s i\u0161jungimui<\/p>","protected":false},"excerpt":{"rendered":"<p>Antgalis mas\u0117s i\u0161jungimui<\/p>","protected":false},"featured_media":165877,"comment_status":"open","ping_status":"open","template":"","meta":[],"product_cat":[9697],"product_tag":[9462],"class_list":{"0":"post-369717","1":"product","2":"type-product","3":"status-publish","4":"has-post-thumbnail","6":"product_brand-condor-werkzeug-vokietija","7":"product_cat-aksesuarai-automobiliams","8":"product_tag-condor-werkzeug-vokietija","10":"first","11":"outofstock","12":"purchasable","13":"product-type-simple"},"jetpack_sharing_enabled":true,"_links":{"self":[{"href":"https:\/\/irankiuzona.lt\/ru\/wp-json\/wp\/v2\/product\/369717","targetHints":{"allow":["GET"]}}],"collection":[{"href":"https:\/\/irankiuzona.lt\/ru\/wp-json\/wp\/v2\/product"}],"about":[{"href":"https:\/\/irankiuzona.lt\/ru\/wp-json\/wp\/v2\/types\/product"}],"replies":[{"embeddable":true,"href":"https:\/\/irankiuzona.lt\/ru\/wp-json\/wp\/v2\/comments?post=369717"}],"version-history":[{"count":1,"href":"https:\/\/irankiuzona.lt\/ru\/wp-json\/wp\/v2\/product\/369717\/revisions"}],"predecessor-version":[{"id":409604,"href":"https:\/\/irankiuzona.lt\/ru\/wp-json\/wp\/v2\/product\/369717\/revisions\/409604"}],"wp:featuredmedia":[{"embeddable":true,"href":"https:\/\/irankiuzona.lt\/ru\/wp-json\/wp\/v2\/media\/165877"}],"wp:attachment":[{"href":"https:\/\/irankiuzona.lt\/ru\/wp-json\/wp\/v2\/media?parent=369717"}],"wp:term":[{"taxonomy":"product_cat","embeddable":true,"href":"https:\/\/irankiuzona.lt\/ru\/wp-json\/wp\/v2\/product_cat?post=369717"},{"taxonomy":"product_tag","embeddable":true,"href":"https:\/\/irankiuzona.lt\/ru\/wp-json\/wp\/v2\/product_tag?post=369717"}],"curies":[{"name":"wp","href":"https:\/\/api.w.org\/{rel}","templated":true}]}}