{"id":369719,"date":"2024-10-20T12:33:48","date_gmt":"2024-10-20T12:33:48","guid":{"rendered":"https:\/\/irankiuzona.lt\/product\/dyz-purkstuku-frezos-raiberiai-5daliu\/"},"modified":"2026-04-12T13:52:24","modified_gmt":"2026-04-12T13:52:24","slug":"dyz-purkstuku-frezos-raiberiai-5daliu","status":"publish","type":"product","link":"https:\/\/irankiuzona.lt\/ru\/product\/dyz-purkstuku-frezos-raiberiai-5daliu\/","title":{"rendered":"Dyz. purk\u0161tuk\u0173 frezos &#8211; raiberiai 5dali\u0173"},"content":{"rendered":"<p>Auk\u0161tos kokyb\u0117s lydinio chromo molibdeno plieno ( SKD11 )<br \/>\n1 vnt. 19 mm 1 x 15 mm\u00a0\u012fvairiems gamintojams 1 x 17 mm\u00a0BMW \/ PSA \/ Renault 1 x 19 mm Mercedes CDI 1 x 19 mm Nukirstas &quot;Fiat \/ Iveco   Apra\u0161ymas vokie\u010di\u0173 kalba:  Injektoren Dichtsitz-Fr\u00e4ser f\u00fcr Diesel-Motoren<br \/>\n&#8211; zum Ausbessern der Dichtsitze beim Ausbau der Injektoren &#8211; hochlegierter Chrom-Molybd\u00e4n-Stahl (SKD11)<br \/>\n1x F\u00fchrung mit 19 mm Aussensechskant  1x Fr\u00e4ser 15mm diverse Hersteller 1x Fr\u00e4ser 17mm f\u00fcr BMW \/ PSA \/ Renault 1x Fr\u00e4ser 19mm f\u00fcr Mercedes CDI 1x Fr\u00e4ser 19mm abgewinkelt, f\u00fcr Fiat \/ Iveco \u00a0<br \/>\n \u00a0<\/p>","protected":false},"excerpt":{"rendered":"<p>Dyz. purk\u0161tuk\u0173 frezos &#8211; raiberiai 5dali\u0173<\/p>","protected":false},"featured_media":165879,"comment_status":"open","ping_status":"open","template":"","meta":[],"product_cat":[9698],"product_tag":[9462],"class_list":{"0":"post-369719","1":"product","2":"type-product","3":"status-publish","4":"has-post-thumbnail","6":"product_brand-condor-werkzeug-vokietija","7":"product_cat-frezos-raiberiai-purkstukams","8":"product_tag-condor-werkzeug-vokietija","10":"first","11":"outofstock","12":"purchasable","13":"product-type-simple"},"jetpack_sharing_enabled":true,"_links":{"self":[{"href":"https:\/\/irankiuzona.lt\/ru\/wp-json\/wp\/v2\/product\/369719","targetHints":{"allow":["GET"]}}],"collection":[{"href":"https:\/\/irankiuzona.lt\/ru\/wp-json\/wp\/v2\/product"}],"about":[{"href":"https:\/\/irankiuzona.lt\/ru\/wp-json\/wp\/v2\/types\/product"}],"replies":[{"embeddable":true,"href":"https:\/\/irankiuzona.lt\/ru\/wp-json\/wp\/v2\/comments?post=369719"}],"version-history":[{"count":1,"href":"https:\/\/irankiuzona.lt\/ru\/wp-json\/wp\/v2\/product\/369719\/revisions"}],"predecessor-version":[{"id":409605,"href":"https:\/\/irankiuzona.lt\/ru\/wp-json\/wp\/v2\/product\/369719\/revisions\/409605"}],"wp:featuredmedia":[{"embeddable":true,"href":"https:\/\/irankiuzona.lt\/ru\/wp-json\/wp\/v2\/media\/165879"}],"wp:attachment":[{"href":"https:\/\/irankiuzona.lt\/ru\/wp-json\/wp\/v2\/media?parent=369719"}],"wp:term":[{"taxonomy":"product_cat","embeddable":true,"href":"https:\/\/irankiuzona.lt\/ru\/wp-json\/wp\/v2\/product_cat?post=369719"},{"taxonomy":"product_tag","embeddable":true,"href":"https:\/\/irankiuzona.lt\/ru\/wp-json\/wp\/v2\/product_tag?post=369719"}],"curies":[{"name":"wp","href":"https:\/\/api.w.org\/{rel}","templated":true}]}}