{"id":369729,"date":"2024-10-20T12:34:06","date_gmt":"2024-10-20T12:34:06","guid":{"rendered":"https:\/\/irankiuzona.lt\/product\/reples-savarzoms-lenktos\/"},"modified":"2026-05-13T16:22:37","modified_gmt":"2026-05-13T16:22:37","slug":"reples-savarzoms-lenktos","status":"publish","type":"product","link":"https:\/\/irankiuzona.lt\/ru\/product\/reples-savarzoms-lenktos\/","title":{"rendered":"Repl\u0117s s\u0105var\u017eoms lenktos"},"content":{"rendered":"<p>Repl\u0117s s\u0105var\u017eoms lenktos<\/p>","protected":false},"excerpt":{"rendered":"<p>Repl\u0117s s\u0105var\u017eoms lenktos<\/p>","protected":false},"featured_media":165935,"comment_status":"open","ping_status":"open","template":"","meta":[],"product_cat":[9563],"product_tag":[9462],"class_list":{"0":"post-369729","1":"product","2":"type-product","3":"status-publish","4":"has-post-thumbnail","6":"product_brand-condor-werkzeug-vokietija","7":"product_cat-irankiai-ausinimo-sistemai","8":"product_tag-condor-werkzeug-vokietija","10":"first","11":"instock","12":"purchasable","13":"product-type-simple"},"jetpack_sharing_enabled":true,"_links":{"self":[{"href":"https:\/\/irankiuzona.lt\/ru\/wp-json\/wp\/v2\/product\/369729","targetHints":{"allow":["GET"]}}],"collection":[{"href":"https:\/\/irankiuzona.lt\/ru\/wp-json\/wp\/v2\/product"}],"about":[{"href":"https:\/\/irankiuzona.lt\/ru\/wp-json\/wp\/v2\/types\/product"}],"replies":[{"embeddable":true,"href":"https:\/\/irankiuzona.lt\/ru\/wp-json\/wp\/v2\/comments?post=369729"}],"version-history":[{"count":1,"href":"https:\/\/irankiuzona.lt\/ru\/wp-json\/wp\/v2\/product\/369729\/revisions"}],"predecessor-version":[{"id":409632,"href":"https:\/\/irankiuzona.lt\/ru\/wp-json\/wp\/v2\/product\/369729\/revisions\/409632"}],"wp:featuredmedia":[{"embeddable":true,"href":"https:\/\/irankiuzona.lt\/ru\/wp-json\/wp\/v2\/media\/165935"}],"wp:attachment":[{"href":"https:\/\/irankiuzona.lt\/ru\/wp-json\/wp\/v2\/media?parent=369729"}],"wp:term":[{"taxonomy":"product_cat","embeddable":true,"href":"https:\/\/irankiuzona.lt\/ru\/wp-json\/wp\/v2\/product_cat?post=369729"},{"taxonomy":"product_tag","embeddable":true,"href":"https:\/\/irankiuzona.lt\/ru\/wp-json\/wp\/v2\/product_tag?post=369729"}],"curies":[{"name":"wp","href":"https:\/\/api.w.org\/{rel}","templated":true}]}}