{"id":369733,"date":"2024-10-20T12:34:15","date_gmt":"2024-10-20T12:34:15","guid":{"rendered":"https:\/\/irankiuzona.lt\/product\/vairo-traukiu-nuemejas-35-45mm\/"},"modified":"2026-05-06T22:12:42","modified_gmt":"2026-05-06T22:12:42","slug":"vairo-traukiu-nuemejas-35-45mm","status":"publish","type":"product","link":"https:\/\/irankiuzona.lt\/ru\/product\/vairo-traukiu-nuemejas-35-45mm\/","title":{"rendered":"Vairo trauki\u0173 nu\u0117m\u0117jas 35-45mm"},"content":{"rendered":"<p>for disassembly \/ assembly of axial track rod joints<br \/>\nconsiderable time saving advantage due to open construction and clamping of rod ends<br \/>\ndrive pipe operated with 1\/2&quot; sq. drive ratchet or 27 mm wrench<\/p>","protected":false},"excerpt":{"rendered":"<p>Vairo trauki\u0173 nu\u0117m\u0117jas 35-45mm<\/p>","protected":false},"featured_media":165969,"comment_status":"open","ping_status":"open","template":"","meta":[],"product_cat":[9528],"product_tag":[9462],"class_list":{"0":"post-369733","1":"product","2":"type-product","3":"status-publish","4":"has-post-thumbnail","6":"product_brand-condor-werkzeug-vokietija","7":"product_cat-vairo-traukiu-irankiai","8":"product_tag-condor-werkzeug-vokietija","10":"first","11":"instock","12":"purchasable","13":"product-type-simple"},"jetpack_sharing_enabled":true,"_links":{"self":[{"href":"https:\/\/irankiuzona.lt\/ru\/wp-json\/wp\/v2\/product\/369733","targetHints":{"allow":["GET"]}}],"collection":[{"href":"https:\/\/irankiuzona.lt\/ru\/wp-json\/wp\/v2\/product"}],"about":[{"href":"https:\/\/irankiuzona.lt\/ru\/wp-json\/wp\/v2\/types\/product"}],"replies":[{"embeddable":true,"href":"https:\/\/irankiuzona.lt\/ru\/wp-json\/wp\/v2\/comments?post=369733"}],"version-history":[{"count":1,"href":"https:\/\/irankiuzona.lt\/ru\/wp-json\/wp\/v2\/product\/369733\/revisions"}],"predecessor-version":[{"id":409647,"href":"https:\/\/irankiuzona.lt\/ru\/wp-json\/wp\/v2\/product\/369733\/revisions\/409647"}],"wp:featuredmedia":[{"embeddable":true,"href":"https:\/\/irankiuzona.lt\/ru\/wp-json\/wp\/v2\/media\/165969"}],"wp:attachment":[{"href":"https:\/\/irankiuzona.lt\/ru\/wp-json\/wp\/v2\/media?parent=369733"}],"wp:term":[{"taxonomy":"product_cat","embeddable":true,"href":"https:\/\/irankiuzona.lt\/ru\/wp-json\/wp\/v2\/product_cat?post=369733"},{"taxonomy":"product_tag","embeddable":true,"href":"https:\/\/irankiuzona.lt\/ru\/wp-json\/wp\/v2\/product_tag?post=369733"}],"curies":[{"name":"wp","href":"https:\/\/api.w.org\/{rel}","templated":true}]}}