{"id":369747,"date":"2024-10-20T12:35:59","date_gmt":"2024-10-20T12:35:59","guid":{"rendered":"https:\/\/irankiuzona.lt\/product\/graztas-medziui-10mm\/"},"modified":"2026-04-15T02:46:09","modified_gmt":"2026-04-15T02:46:09","slug":"graztas-medziui-10mm","status":"publish","type":"product","link":"https:\/\/irankiuzona.lt\/ru\/product\/graztas-medziui-10mm\/","title":{"rendered":"Gr\u0105\u017etas med\u017eiui 10mm"},"content":{"rendered":"<p>Gr\u0105\u017etas med\u017eiui 10mm<\/p>","protected":false},"excerpt":{"rendered":"<p>Gr\u0105\u017etas med\u017eiui 10mm<\/p>","protected":false},"featured_media":166301,"comment_status":"open","ping_status":"open","template":"","meta":[],"product_cat":[9627],"product_tag":[9628],"class_list":{"0":"post-369747","1":"product","2":"type-product","3":"status-publish","4":"has-post-thumbnail","6":"product_brand-condor-lenkija","7":"product_cat-sraigtiniai-graztai-medziui","8":"product_tag-condor-lenkija","10":"first","11":"outofstock","12":"purchasable","13":"product-type-simple"},"jetpack_sharing_enabled":true,"_links":{"self":[{"href":"https:\/\/irankiuzona.lt\/ru\/wp-json\/wp\/v2\/product\/369747","targetHints":{"allow":["GET"]}}],"collection":[{"href":"https:\/\/irankiuzona.lt\/ru\/wp-json\/wp\/v2\/product"}],"about":[{"href":"https:\/\/irankiuzona.lt\/ru\/wp-json\/wp\/v2\/types\/product"}],"replies":[{"embeddable":true,"href":"https:\/\/irankiuzona.lt\/ru\/wp-json\/wp\/v2\/comments?post=369747"}],"version-history":[{"count":1,"href":"https:\/\/irankiuzona.lt\/ru\/wp-json\/wp\/v2\/product\/369747\/revisions"}],"predecessor-version":[{"id":409805,"href":"https:\/\/irankiuzona.lt\/ru\/wp-json\/wp\/v2\/product\/369747\/revisions\/409805"}],"wp:featuredmedia":[{"embeddable":true,"href":"https:\/\/irankiuzona.lt\/ru\/wp-json\/wp\/v2\/media\/166301"}],"wp:attachment":[{"href":"https:\/\/irankiuzona.lt\/ru\/wp-json\/wp\/v2\/media?parent=369747"}],"wp:term":[{"taxonomy":"product_cat","embeddable":true,"href":"https:\/\/irankiuzona.lt\/ru\/wp-json\/wp\/v2\/product_cat?post=369747"},{"taxonomy":"product_tag","embeddable":true,"href":"https:\/\/irankiuzona.lt\/ru\/wp-json\/wp\/v2\/product_tag?post=369747"}],"curies":[{"name":"wp","href":"https:\/\/api.w.org\/{rel}","templated":true}]}}