{"id":369753,"date":"2024-10-20T12:38:10","date_gmt":"2024-10-20T12:38:10","guid":{"rendered":"https:\/\/irankiuzona.lt\/product\/siurbliukas-greztuvui\/"},"modified":"2026-04-14T17:10:37","modified_gmt":"2026-04-14T17:10:37","slug":"siurbliukas-greztuvui","status":"publish","type":"product","link":"https:\/\/irankiuzona.lt\/ru\/product\/siurbliukas-greztuvui\/","title":{"rendered":"Siurbliukas gr\u0119\u017etuvui"},"content":{"rendered":"<p>Norite i\u0161traukti, perpumpuoti dyzelin\u0105, benzin\u0105, vanden\u012f i\u0161 sunkiai prieinam\u0173 viet\u0173? Yra puikus sprendimas \u2013 ant akumuliatorinio arba elektrinio suktuvo pritvirtinama pompa! Naudojimas labai paprastas: ant elektrinio suktuvo vietoj gr\u0105\u017eto pritvirtinus pomp\u0105 ir prijungus \u017earnas prad\u0117kite gr\u0119\u017etuvu sukti pomp\u0105. Na\u0161umas \u2013 100 litr\u0173 per 5 minutes. Skyst\u012f galima siurbti i\u0161 3 metr\u0173 gylio ir tiekti iki 15 metr\u0173 auk\u0161\u010dio, esant maksimaliems s\u016bkiams 2800 aps\/min. Naudojam\u0173 \u017earn\u0173 skersmuo \u2013 pus\u0117 (1\/2) colio arba apie 1,3 cm.<\/p>\n<p>VIDEO:<br \/>\n\u00a01 pav.<\/p>","protected":false},"excerpt":{"rendered":"<p>Siurbliukas gr\u0119\u017etuvui<\/p>","protected":false},"featured_media":166481,"comment_status":"open","ping_status":"open","template":"","meta":[],"product_cat":[9434],"product_tag":[9628],"class_list":{"0":"post-369753","1":"product","2":"type-product","3":"status-publish","4":"has-post-thumbnail","6":"product_brand-condor-lenkija","7":"product_cat-priedai-greztuvams","8":"product_tag-condor-lenkija","10":"first","11":"instock","12":"purchasable","13":"product-type-simple"},"jetpack_sharing_enabled":true,"_links":{"self":[{"href":"https:\/\/irankiuzona.lt\/ru\/wp-json\/wp\/v2\/product\/369753","targetHints":{"allow":["GET"]}}],"collection":[{"href":"https:\/\/irankiuzona.lt\/ru\/wp-json\/wp\/v2\/product"}],"about":[{"href":"https:\/\/irankiuzona.lt\/ru\/wp-json\/wp\/v2\/types\/product"}],"replies":[{"embeddable":true,"href":"https:\/\/irankiuzona.lt\/ru\/wp-json\/wp\/v2\/comments?post=369753"}],"version-history":[{"count":1,"href":"https:\/\/irankiuzona.lt\/ru\/wp-json\/wp\/v2\/product\/369753\/revisions"}],"predecessor-version":[{"id":409875,"href":"https:\/\/irankiuzona.lt\/ru\/wp-json\/wp\/v2\/product\/369753\/revisions\/409875"}],"wp:featuredmedia":[{"embeddable":true,"href":"https:\/\/irankiuzona.lt\/ru\/wp-json\/wp\/v2\/media\/166481"}],"wp:attachment":[{"href":"https:\/\/irankiuzona.lt\/ru\/wp-json\/wp\/v2\/media?parent=369753"}],"wp:term":[{"taxonomy":"product_cat","embeddable":true,"href":"https:\/\/irankiuzona.lt\/ru\/wp-json\/wp\/v2\/product_cat?post=369753"},{"taxonomy":"product_tag","embeddable":true,"href":"https:\/\/irankiuzona.lt\/ru\/wp-json\/wp\/v2\/product_tag?post=369753"}],"curies":[{"name":"wp","href":"https:\/\/api.w.org\/{rel}","templated":true}]}}