{"id":369755,"date":"2024-10-20T12:38:24","date_gmt":"2024-10-20T12:38:24","guid":{"rendered":"https:\/\/irankiuzona.lt\/product\/stabdziu-sistemos-nuorinimo-irankis\/"},"modified":"2026-04-14T13:58:29","modified_gmt":"2026-04-14T13:58:29","slug":"stabdziu-sistemos-nuorinimo-irankis","status":"publish","type":"product","link":"https:\/\/irankiuzona.lt\/ru\/product\/stabdziu-sistemos-nuorinimo-irankis\/","title":{"rendered":"Stabd\u017ei\u0173 sistemos nuorinimo \u012frankis"},"content":{"rendered":"<p>Sl\u0117gis 5-8 bar; max 60%; 1l, 1\/4&quot;  Apra\u0161ymas vokie\u010di\u0173 kalba:  Bremsentl\u00fcftungs-Ger\u00e4t \u2022 Arbeitsdruck 5-8 bar \u2022 max. Unterdruck 60% \u2022 Kapazit\u00e4t 1L \u2022 inkl. Druckluft-Stecknippel 1\/4&quot;<br \/>\n\u00a0\u00a0<\/p>","protected":false},"excerpt":{"rendered":"<p>Stabd\u017ei\u0173 sistemos nuorinimo \u012frankis<\/p>","protected":false},"featured_media":166529,"comment_status":"open","ping_status":"open","template":"","meta":[],"product_cat":[9534],"product_tag":[9462],"class_list":{"0":"post-369755","1":"product","2":"type-product","3":"status-publish","4":"has-post-thumbnail","6":"product_brand-condor-werkzeug-vokietija","7":"product_cat-stabdziu-remonto-nuorinimo-irankiai","8":"product_tag-condor-werkzeug-vokietija","10":"first","11":"instock","12":"purchasable","13":"product-type-simple"},"jetpack_sharing_enabled":true,"_links":{"self":[{"href":"https:\/\/irankiuzona.lt\/ru\/wp-json\/wp\/v2\/product\/369755","targetHints":{"allow":["GET"]}}],"collection":[{"href":"https:\/\/irankiuzona.lt\/ru\/wp-json\/wp\/v2\/product"}],"about":[{"href":"https:\/\/irankiuzona.lt\/ru\/wp-json\/wp\/v2\/types\/product"}],"replies":[{"embeddable":true,"href":"https:\/\/irankiuzona.lt\/ru\/wp-json\/wp\/v2\/comments?post=369755"}],"version-history":[{"count":1,"href":"https:\/\/irankiuzona.lt\/ru\/wp-json\/wp\/v2\/product\/369755\/revisions"}],"predecessor-version":[{"id":409899,"href":"https:\/\/irankiuzona.lt\/ru\/wp-json\/wp\/v2\/product\/369755\/revisions\/409899"}],"wp:featuredmedia":[{"embeddable":true,"href":"https:\/\/irankiuzona.lt\/ru\/wp-json\/wp\/v2\/media\/166529"}],"wp:attachment":[{"href":"https:\/\/irankiuzona.lt\/ru\/wp-json\/wp\/v2\/media?parent=369755"}],"wp:term":[{"taxonomy":"product_cat","embeddable":true,"href":"https:\/\/irankiuzona.lt\/ru\/wp-json\/wp\/v2\/product_cat?post=369755"},{"taxonomy":"product_tag","embeddable":true,"href":"https:\/\/irankiuzona.lt\/ru\/wp-json\/wp\/v2\/product_tag?post=369755"}],"curies":[{"name":"wp","href":"https:\/\/api.w.org\/{rel}","templated":true}]}}