{"id":369757,"date":"2024-10-20T12:38:27","date_gmt":"2024-10-20T12:38:27","guid":{"rendered":"https:\/\/irankiuzona.lt\/product\/rieboksliu-nuemiklis\/"},"modified":"2026-04-12T21:37:32","modified_gmt":"2026-04-12T21:37:32","slug":"rieboksliu-nuemiklis","status":"publish","type":"product","link":"https:\/\/irankiuzona.lt\/ru\/product\/rieboksliu-nuemiklis\/","title":{"rendered":"Riebok\u0161li\u0173 nu\u0117miklis"},"content":{"rendered":"","protected":false},"excerpt":{"rendered":"<p>Riebok\u0161li\u0173 nu\u0117miklis<\/p>","protected":false},"featured_media":166537,"comment_status":"open","ping_status":"open","template":"","meta":[],"product_cat":[9730],"product_tag":[9462],"class_list":{"0":"post-369757","1":"product","2":"type-product","3":"status-publish","4":"has-post-thumbnail","6":"product_brand-condor-werkzeug-vokietija","7":"product_cat-irankiai-rieboksliams","8":"product_tag-condor-werkzeug-vokietija","10":"first","11":"instock","12":"purchasable","13":"product-type-simple"},"jetpack_sharing_enabled":true,"_links":{"self":[{"href":"https:\/\/irankiuzona.lt\/ru\/wp-json\/wp\/v2\/product\/369757","targetHints":{"allow":["GET"]}}],"collection":[{"href":"https:\/\/irankiuzona.lt\/ru\/wp-json\/wp\/v2\/product"}],"about":[{"href":"https:\/\/irankiuzona.lt\/ru\/wp-json\/wp\/v2\/types\/product"}],"replies":[{"embeddable":true,"href":"https:\/\/irankiuzona.lt\/ru\/wp-json\/wp\/v2\/comments?post=369757"}],"version-history":[{"count":1,"href":"https:\/\/irankiuzona.lt\/ru\/wp-json\/wp\/v2\/product\/369757\/revisions"}],"predecessor-version":[{"id":409903,"href":"https:\/\/irankiuzona.lt\/ru\/wp-json\/wp\/v2\/product\/369757\/revisions\/409903"}],"wp:featuredmedia":[{"embeddable":true,"href":"https:\/\/irankiuzona.lt\/ru\/wp-json\/wp\/v2\/media\/166537"}],"wp:attachment":[{"href":"https:\/\/irankiuzona.lt\/ru\/wp-json\/wp\/v2\/media?parent=369757"}],"wp:term":[{"taxonomy":"product_cat","embeddable":true,"href":"https:\/\/irankiuzona.lt\/ru\/wp-json\/wp\/v2\/product_cat?post=369757"},{"taxonomy":"product_tag","embeddable":true,"href":"https:\/\/irankiuzona.lt\/ru\/wp-json\/wp\/v2\/product_tag?post=369757"}],"curies":[{"name":"wp","href":"https:\/\/api.w.org\/{rel}","templated":true}]}}