{"id":369777,"date":"2024-10-20T12:39:57","date_gmt":"2024-10-20T12:39:57","guid":{"rendered":"https:\/\/irankiuzona.lt\/product\/anglies-dioksido-duju-co2-testeris\/"},"modified":"2026-04-12T23:40:44","modified_gmt":"2026-04-12T23:40:44","slug":"anglies-dioksido-duju-co2-testeris","status":"publish","type":"product","link":"https:\/\/irankiuzona.lt\/ru\/product\/anglies-dioksido-duju-co2-testeris\/","title":{"rendered":"Anglies dioksido duj\u0173 CO2 testeris"},"content":{"rendered":"<p>Anglies dioksido duj\u0173 testeris   <\/p>\n<p>Apra\u0161ymas vokie\u010di\u0173 kalba:  CO2-Tester<br \/>\n\u2022 Dieses Testsystem bietet eine schnelle und einfache L\u00f6sung um im Bereich Zylinderkopf, Zylinderkopfdichtung und Motorblock nach Sch\u00e4den zu suchen. Dies erfolgt \u00fcber den Nachweis von CO2 in der K\u00fchlfl\u00fcssigkeit. \u2022 Einsetzbar bei allen wassergek\u00fchlten Verbrennungsmotoren.<br \/>\n1 Pr\u00fcfger\u00e4t mit Konus 1 Reaktionsfl\u00fcssigkeit 1 Reinigungsflasche (leer) 1 Handbalg 1 Ventil (Zweiwege)<\/p>","protected":false},"excerpt":{"rendered":"<p>Anglies dioksido duj\u0173 CO2 testeris<\/p>","protected":false},"featured_media":166845,"comment_status":"open","ping_status":"open","template":"","meta":[],"product_cat":[9752],"product_tag":[9462],"class_list":{"0":"post-369777","1":"product","2":"type-product","3":"status-publish","4":"has-post-thumbnail","6":"product_brand-condor-werkzeug-vokietija","7":"product_cat-anglies-dioksido-co2-testeriai","8":"product_tag-condor-werkzeug-vokietija","10":"first","11":"instock","12":"purchasable","13":"product-type-simple"},"jetpack_sharing_enabled":true,"_links":{"self":[{"href":"https:\/\/irankiuzona.lt\/ru\/wp-json\/wp\/v2\/product\/369777","targetHints":{"allow":["GET"]}}],"collection":[{"href":"https:\/\/irankiuzona.lt\/ru\/wp-json\/wp\/v2\/product"}],"about":[{"href":"https:\/\/irankiuzona.lt\/ru\/wp-json\/wp\/v2\/types\/product"}],"replies":[{"embeddable":true,"href":"https:\/\/irankiuzona.lt\/ru\/wp-json\/wp\/v2\/comments?post=369777"}],"version-history":[{"count":1,"href":"https:\/\/irankiuzona.lt\/ru\/wp-json\/wp\/v2\/product\/369777\/revisions"}],"predecessor-version":[{"id":410033,"href":"https:\/\/irankiuzona.lt\/ru\/wp-json\/wp\/v2\/product\/369777\/revisions\/410033"}],"wp:featuredmedia":[{"embeddable":true,"href":"https:\/\/irankiuzona.lt\/ru\/wp-json\/wp\/v2\/media\/166845"}],"wp:attachment":[{"href":"https:\/\/irankiuzona.lt\/ru\/wp-json\/wp\/v2\/media?parent=369777"}],"wp:term":[{"taxonomy":"product_cat","embeddable":true,"href":"https:\/\/irankiuzona.lt\/ru\/wp-json\/wp\/v2\/product_cat?post=369777"},{"taxonomy":"product_tag","embeddable":true,"href":"https:\/\/irankiuzona.lt\/ru\/wp-json\/wp\/v2\/product_tag?post=369777"}],"curies":[{"name":"wp","href":"https:\/\/api.w.org\/{rel}","templated":true}]}}