{"id":369791,"date":"2024-10-20T12:41:27","date_gmt":"2024-10-20T12:41:27","guid":{"rendered":"https:\/\/irankiuzona.lt\/product\/sriegimo-irankiai-110-vnt\/"},"modified":"2026-05-16T15:46:22","modified_gmt":"2026-05-16T15:46:22","slug":"sriegimo-irankiai-110-vnt","status":"publish","type":"product","link":"https:\/\/irankiuzona.lt\/ru\/product\/sriegimo-irankiai-110-vnt\/","title":{"rendered":"Sriegimo \u012frankiai 110 vnt."},"content":{"rendered":"<p>Sriegikli\u0173 ir sriegpjovi\u0173 komplektas \/ 110 dali\u0173 Pagaminta i\u0161 Volframo plieno  Kiekvienas dydis po 1 sriegpjov\u0119 ir 2 sriegiklius (pirminis ir antrinis): \u00a0&#8211; M2 x 0.4 mm  \u00a0&#8211; M3 x 0.5 mm  \u00a0&#8211; M4 x 0.7 mm  \u00a0&#8211; M5 x 0.8 mm  \u00a0&#8211; M6 x 0.75 mm \/ M6 x 1.0 mm \u00a0&#8211; M7 x 0.75 mm \/ M7 x 1.0 mm\u00a0\u00a0\u00a0  \u00a0&#8211; M8 x 0.75 mm \/ M8 x 1.0 mm \/ M8 x 1.25 mm  \u00a0&#8211; M9 x 0.75 mm \/ M9 x 1.0 mm \/ M9 x 1.25 mm  \u00a0&#8211; M10 x 0.75 mm \/ M10 x 1.0 mm \/ M10 x 1.25 mm \/ M10 x 1.5 mm  \u00a0&#8211; M11 x 0.75 mm \/ M11 x 1.0 mm \/ M11 x 1.25 mm \/ M11 x 1.5 mm  \u00a0&#8211; M12 x 0.75 mm \/ M12 x 1.0 mm \/ M12 x 1.25 mm \/ M12 x 1.5 mm \/ M12 x 1.75 mm  \u00a0&#8211; M14 x 1.0 mm \/ M14 x 1.25 mm \/ M14 x 1.5 mm \/ M14 x 2.0 mm  \u00a0&#8211; M16 x 1.0 mm \/ M16 x 1.5 mm \/ M16 x 2.0 mm  \u00a0&#8211; M18 x 1.5 mm<\/p>","protected":false},"excerpt":{"rendered":"<p>Sriegimo \u012franki\u0173 komplektas \/ sriegikliai + sriegpjov\u0117s \/ 110\u00a0dali\u0173<\/p>","protected":false},"featured_media":167121,"comment_status":"open","ping_status":"open","template":"","meta":[],"product_cat":[9546],"product_tag":[9462],"class_list":{"0":"post-369791","1":"product","2":"type-product","3":"status-publish","4":"has-post-thumbnail","6":"product_brand-condor-werkzeug-vokietija","7":"product_cat-sriegikliu-ir-sriegpjoviu-komplektai","8":"product_tag-condor-werkzeug-vokietija","10":"first","11":"instock","12":"purchasable","13":"product-type-simple"},"jetpack_sharing_enabled":true,"_links":{"self":[{"href":"https:\/\/irankiuzona.lt\/ru\/wp-json\/wp\/v2\/product\/369791","targetHints":{"allow":["GET"]}}],"collection":[{"href":"https:\/\/irankiuzona.lt\/ru\/wp-json\/wp\/v2\/product"}],"about":[{"href":"https:\/\/irankiuzona.lt\/ru\/wp-json\/wp\/v2\/types\/product"}],"replies":[{"embeddable":true,"href":"https:\/\/irankiuzona.lt\/ru\/wp-json\/wp\/v2\/comments?post=369791"}],"version-history":[{"count":1,"href":"https:\/\/irankiuzona.lt\/ru\/wp-json\/wp\/v2\/product\/369791\/revisions"}],"predecessor-version":[{"id":410154,"href":"https:\/\/irankiuzona.lt\/ru\/wp-json\/wp\/v2\/product\/369791\/revisions\/410154"}],"wp:featuredmedia":[{"embeddable":true,"href":"https:\/\/irankiuzona.lt\/ru\/wp-json\/wp\/v2\/media\/167121"}],"wp:attachment":[{"href":"https:\/\/irankiuzona.lt\/ru\/wp-json\/wp\/v2\/media?parent=369791"}],"wp:term":[{"taxonomy":"product_cat","embeddable":true,"href":"https:\/\/irankiuzona.lt\/ru\/wp-json\/wp\/v2\/product_cat?post=369791"},{"taxonomy":"product_tag","embeddable":true,"href":"https:\/\/irankiuzona.lt\/ru\/wp-json\/wp\/v2\/product_tag?post=369791"}],"curies":[{"name":"wp","href":"https:\/\/api.w.org\/{rel}","templated":true}]}}