{"id":369793,"date":"2024-10-20T12:41:32","date_gmt":"2024-10-20T12:41:32","guid":{"rendered":"https:\/\/irankiuzona.lt\/product\/graztas-metalui-30-mm-cobalt\/"},"modified":"2026-05-09T21:19:39","modified_gmt":"2026-05-09T21:19:39","slug":"graztas-metalui-30-mm-cobalt","status":"publish","type":"product","link":"https:\/\/irankiuzona.lt\/ru\/product\/graztas-metalui-30-mm-cobalt\/","title":{"rendered":"Gr\u0105\u017etas metalui 3,0 mm cobalt"},"content":{"rendered":"<p>Gr\u0105\u017eto skersmuo 3,0 mm<br \/>\n1 vnt.<\/p>","protected":false},"excerpt":{"rendered":"<p>Gr\u0105\u017etas metalui 3,0 mm cobalt<\/p>","protected":false},"featured_media":167135,"comment_status":"open","ping_status":"open","template":"","meta":[],"product_cat":[9724],"product_tag":[9628],"class_list":{"0":"post-369793","1":"product","2":"type-product","3":"status-publish","4":"has-post-thumbnail","6":"product_brand-condor-lenkija","7":"product_cat-graztai-metalui-hss-cobalt-din338","8":"product_tag-condor-lenkija","10":"first","11":"outofstock","12":"purchasable","13":"product-type-simple"},"jetpack_sharing_enabled":true,"_links":{"self":[{"href":"https:\/\/irankiuzona.lt\/ru\/wp-json\/wp\/v2\/product\/369793","targetHints":{"allow":["GET"]}}],"collection":[{"href":"https:\/\/irankiuzona.lt\/ru\/wp-json\/wp\/v2\/product"}],"about":[{"href":"https:\/\/irankiuzona.lt\/ru\/wp-json\/wp\/v2\/types\/product"}],"replies":[{"embeddable":true,"href":"https:\/\/irankiuzona.lt\/ru\/wp-json\/wp\/v2\/comments?post=369793"}],"version-history":[{"count":1,"href":"https:\/\/irankiuzona.lt\/ru\/wp-json\/wp\/v2\/product\/369793\/revisions"}],"predecessor-version":[{"id":410160,"href":"https:\/\/irankiuzona.lt\/ru\/wp-json\/wp\/v2\/product\/369793\/revisions\/410160"}],"wp:featuredmedia":[{"embeddable":true,"href":"https:\/\/irankiuzona.lt\/ru\/wp-json\/wp\/v2\/media\/167135"}],"wp:attachment":[{"href":"https:\/\/irankiuzona.lt\/ru\/wp-json\/wp\/v2\/media?parent=369793"}],"wp:term":[{"taxonomy":"product_cat","embeddable":true,"href":"https:\/\/irankiuzona.lt\/ru\/wp-json\/wp\/v2\/product_cat?post=369793"},{"taxonomy":"product_tag","embeddable":true,"href":"https:\/\/irankiuzona.lt\/ru\/wp-json\/wp\/v2\/product_tag?post=369793"}],"curies":[{"name":"wp","href":"https:\/\/api.w.org\/{rel}","templated":true}]}}