{"id":369825,"date":"2024-10-20T12:44:59","date_gmt":"2024-10-20T12:44:59","guid":{"rendered":"https:\/\/irankiuzona.lt\/product\/voztuvu-nuspaudejas\/"},"modified":"2025-05-24T09:05:27","modified_gmt":"2025-05-24T09:05:27","slug":"voztuvu-nuspaudejas","status":"publish","type":"product","link":"https:\/\/irankiuzona.lt\/ru\/product\/voztuvu-nuspaudejas\/","title":{"rendered":"Vo\u017etuv\u0173 nuspaud\u0117jas"},"content":{"rendered":"<p>Mechanical tool for valve spring tensioning with the gear OHC. Adjustable bearing arm width. Lever tensioning mechanism, plastic-coated handle for comfortable grip. Tool is not recommended for valves, deeply imbedded into the motor-head.<\/p>","protected":false},"excerpt":{"rendered":"<p>Vo\u017etuv\u0173 nuspaudiklis\u00a0<\/p>","protected":false},"featured_media":167698,"comment_status":"open","ping_status":"open","template":"","meta":[],"product_cat":[9538],"product_tag":[9778],"class_list":{"0":"post-369825","1":"product","2":"type-product","3":"status-publish","4":"has-post-thumbnail","6":"product_brand-triumf-professional-tools-slovakija","7":"product_cat-irankiai-voztuvams","8":"product_tag-triumf-professional-tools-slovakija","10":"first","11":"outofstock","12":"purchasable","13":"product-type-simple"},"jetpack_sharing_enabled":true,"_links":{"self":[{"href":"https:\/\/irankiuzona.lt\/ru\/wp-json\/wp\/v2\/product\/369825","targetHints":{"allow":["GET"]}}],"collection":[{"href":"https:\/\/irankiuzona.lt\/ru\/wp-json\/wp\/v2\/product"}],"about":[{"href":"https:\/\/irankiuzona.lt\/ru\/wp-json\/wp\/v2\/types\/product"}],"replies":[{"embeddable":true,"href":"https:\/\/irankiuzona.lt\/ru\/wp-json\/wp\/v2\/comments?post=369825"}],"version-history":[{"count":0,"href":"https:\/\/irankiuzona.lt\/ru\/wp-json\/wp\/v2\/product\/369825\/revisions"}],"wp:featuredmedia":[{"embeddable":true,"href":"https:\/\/irankiuzona.lt\/ru\/wp-json\/wp\/v2\/media\/167698"}],"wp:attachment":[{"href":"https:\/\/irankiuzona.lt\/ru\/wp-json\/wp\/v2\/media?parent=369825"}],"wp:term":[{"taxonomy":"product_cat","embeddable":true,"href":"https:\/\/irankiuzona.lt\/ru\/wp-json\/wp\/v2\/product_cat?post=369825"},{"taxonomy":"product_tag","embeddable":true,"href":"https:\/\/irankiuzona.lt\/ru\/wp-json\/wp\/v2\/product_tag?post=369825"}],"curies":[{"name":"wp","href":"https:\/\/api.w.org\/{rel}","templated":true}]}}