{"id":369875,"date":"2024-10-20T12:49:49","date_gmt":"2024-10-20T12:49:49","guid":{"rendered":"https:\/\/irankiuzona.lt\/product\/irankiai-luzusiu-pakaitinimo-zvakiu-issukimui-m8x1-ir-m10x1\/"},"modified":"2026-04-13T01:30:25","modified_gmt":"2026-04-13T01:30:25","slug":"irankiai-luzusiu-pakaitinimo-zvakiu-issukimui-m8x1-ir-m10x1","status":"publish","type":"product","link":"https:\/\/irankiuzona.lt\/ru\/product\/irankiai-luzusiu-pakaitinimo-zvakiu-issukimui-m8x1-ir-m10x1\/","title":{"rendered":"\u012erankiai l\u016b\u017eusi\u0173 pakaitinimo \u017evaki\u0173 i\u0161sukimui M8x1 ir M10x1"},"content":{"rendered":"<p>Audi, Seat, Skoda, VW, Mercedes, Opel, Peugeot, Renault ir daugeliui kit\u0173 marki\u0173 \u00a0<\/p>","protected":false},"excerpt":{"rendered":"<p>\u012erankiai l\u016b\u017eusi\u0173 pakaitinimo \u017evaki\u0173 i\u0161sukimui M8x1 ir M10x1<\/p>","protected":false},"featured_media":168856,"comment_status":"open","ping_status":"open","template":"","meta":[],"product_cat":[9699],"product_tag":[9462],"class_list":{"0":"post-369875","1":"product","2":"type-product","3":"status-publish","4":"has-post-thumbnail","6":"product_brand-condor-werkzeug-vokietija","7":"product_cat-uzluzusiu-zvakiu-remontui","8":"product_tag-condor-werkzeug-vokietija","10":"first","11":"instock","12":"purchasable","13":"product-type-simple"},"jetpack_sharing_enabled":true,"_links":{"self":[{"href":"https:\/\/irankiuzona.lt\/ru\/wp-json\/wp\/v2\/product\/369875","targetHints":{"allow":["GET"]}}],"collection":[{"href":"https:\/\/irankiuzona.lt\/ru\/wp-json\/wp\/v2\/product"}],"about":[{"href":"https:\/\/irankiuzona.lt\/ru\/wp-json\/wp\/v2\/types\/product"}],"replies":[{"embeddable":true,"href":"https:\/\/irankiuzona.lt\/ru\/wp-json\/wp\/v2\/comments?post=369875"}],"version-history":[{"count":1,"href":"https:\/\/irankiuzona.lt\/ru\/wp-json\/wp\/v2\/product\/369875\/revisions"}],"predecessor-version":[{"id":410941,"href":"https:\/\/irankiuzona.lt\/ru\/wp-json\/wp\/v2\/product\/369875\/revisions\/410941"}],"wp:featuredmedia":[{"embeddable":true,"href":"https:\/\/irankiuzona.lt\/ru\/wp-json\/wp\/v2\/media\/168856"}],"wp:attachment":[{"href":"https:\/\/irankiuzona.lt\/ru\/wp-json\/wp\/v2\/media?parent=369875"}],"wp:term":[{"taxonomy":"product_cat","embeddable":true,"href":"https:\/\/irankiuzona.lt\/ru\/wp-json\/wp\/v2\/product_cat?post=369875"},{"taxonomy":"product_tag","embeddable":true,"href":"https:\/\/irankiuzona.lt\/ru\/wp-json\/wp\/v2\/product_tag?post=369875"}],"curies":[{"name":"wp","href":"https:\/\/api.w.org\/{rel}","templated":true}]}}