{"id":369893,"date":"2024-10-20T12:50:37","date_gmt":"2024-10-20T12:50:37","guid":{"rendered":"https:\/\/irankiuzona.lt\/product\/pistoletas-praputimui-su-sroves-reguliatoriumi\/"},"modified":"2026-05-13T22:33:27","modified_gmt":"2026-05-13T22:33:27","slug":"pistoletas-praputimui-su-sroves-reguliatoriumi","status":"publish","type":"product","link":"https:\/\/irankiuzona.lt\/ru\/product\/pistoletas-praputimui-su-sroves-reguliatoriumi\/","title":{"rendered":"Pistoletas prap\u016btimui su srov\u0117s reguliatoriumi"},"content":{"rendered":"<p>Aliuminio korpusas  Trumpas galas + ilgas antgalis (112 cm)  Oro \u012fleidimo anga 1\/4 &quot; \u00a0 Maks. Sl\u0117gis 10 bar \u00a0 Su srauto reguliatoriumi \u00a0 Triuk\u0161mo lygis 86 dB (A)  \u00a0 Oro suvartojimas 330 l\/min \u00a0 Darbinis sl\u0117gis 6.3 bar (90 psi)<\/p>","protected":false},"excerpt":{"rendered":"<p>Prap\u016btimo pistoletas su srov\u0117s reguliatoriumi\u00a0<\/p>","protected":false},"featured_media":169047,"comment_status":"open","ping_status":"open","template":"","meta":[],"product_cat":[9737],"product_tag":[9462],"class_list":{"0":"post-369893","1":"product","2":"type-product","3":"status-publish","4":"has-post-thumbnail","6":"product_brand-condor-werkzeug-vokietija","7":"product_cat-pistoletai-praputimui","8":"product_tag-condor-werkzeug-vokietija","10":"first","11":"instock","12":"purchasable","13":"product-type-simple"},"jetpack_sharing_enabled":true,"_links":{"self":[{"href":"https:\/\/irankiuzona.lt\/ru\/wp-json\/wp\/v2\/product\/369893","targetHints":{"allow":["GET"]}}],"collection":[{"href":"https:\/\/irankiuzona.lt\/ru\/wp-json\/wp\/v2\/product"}],"about":[{"href":"https:\/\/irankiuzona.lt\/ru\/wp-json\/wp\/v2\/types\/product"}],"replies":[{"embeddable":true,"href":"https:\/\/irankiuzona.lt\/ru\/wp-json\/wp\/v2\/comments?post=369893"}],"version-history":[{"count":1,"href":"https:\/\/irankiuzona.lt\/ru\/wp-json\/wp\/v2\/product\/369893\/revisions"}],"predecessor-version":[{"id":411024,"href":"https:\/\/irankiuzona.lt\/ru\/wp-json\/wp\/v2\/product\/369893\/revisions\/411024"}],"wp:featuredmedia":[{"embeddable":true,"href":"https:\/\/irankiuzona.lt\/ru\/wp-json\/wp\/v2\/media\/169047"}],"wp:attachment":[{"href":"https:\/\/irankiuzona.lt\/ru\/wp-json\/wp\/v2\/media?parent=369893"}],"wp:term":[{"taxonomy":"product_cat","embeddable":true,"href":"https:\/\/irankiuzona.lt\/ru\/wp-json\/wp\/v2\/product_cat?post=369893"},{"taxonomy":"product_tag","embeddable":true,"href":"https:\/\/irankiuzona.lt\/ru\/wp-json\/wp\/v2\/product_tag?post=369893"}],"curies":[{"name":"wp","href":"https:\/\/api.w.org\/{rel}","templated":true}]}}