{"id":369947,"date":"2024-10-20T12:52:42","date_gmt":"2024-10-20T12:52:42","guid":{"rendered":"https:\/\/irankiuzona.lt\/product\/teleskopinis-veidrodelis-su-apsvietimu\/"},"modified":"2025-05-06T05:55:33","modified_gmt":"2025-05-06T05:55:33","slug":"teleskopinis-veidrodelis-su-apsvietimu","status":"publish","type":"product","link":"https:\/\/irankiuzona.lt\/ru\/product\/teleskopinis-veidrodelis-su-apsvietimu\/","title":{"rendered":"Teleskopinis veidrod\u0117lis su ap\u0161vietimu"},"content":{"rendered":"<p>teleskopinis strypas i\u0161 ner\u016bdijan\u010dio plieno\u00a0 prasiilgina nuo 28,5cm iki 87,6 cm pridedamos 2 x 2032 3V baterijos mink\u0161ta rankena<\/p>","protected":false},"excerpt":{"rendered":"<p>Teleskopinis veidrod\u0117lis su ap\u0161vietimu\u00a0<\/p>","protected":false},"featured_media":169397,"comment_status":"open","ping_status":"open","template":"","meta":[],"product_cat":[9539],"product_tag":[9476],"class_list":{"0":"post-369947","1":"product","2":"type-product","3":"status-publish","4":"has-post-thumbnail","6":"product_brand-erba-austrija","7":"product_cat-griebtuvai-magnetai-veidrodeliai","8":"product_tag-erba-austrija","10":"first","11":"outofstock","12":"purchasable","13":"product-type-simple"},"jetpack_sharing_enabled":true,"_links":{"self":[{"href":"https:\/\/irankiuzona.lt\/ru\/wp-json\/wp\/v2\/product\/369947","targetHints":{"allow":["GET"]}}],"collection":[{"href":"https:\/\/irankiuzona.lt\/ru\/wp-json\/wp\/v2\/product"}],"about":[{"href":"https:\/\/irankiuzona.lt\/ru\/wp-json\/wp\/v2\/types\/product"}],"replies":[{"embeddable":true,"href":"https:\/\/irankiuzona.lt\/ru\/wp-json\/wp\/v2\/comments?post=369947"}],"version-history":[{"count":0,"href":"https:\/\/irankiuzona.lt\/ru\/wp-json\/wp\/v2\/product\/369947\/revisions"}],"wp:featuredmedia":[{"embeddable":true,"href":"https:\/\/irankiuzona.lt\/ru\/wp-json\/wp\/v2\/media\/169397"}],"wp:attachment":[{"href":"https:\/\/irankiuzona.lt\/ru\/wp-json\/wp\/v2\/media?parent=369947"}],"wp:term":[{"taxonomy":"product_cat","embeddable":true,"href":"https:\/\/irankiuzona.lt\/ru\/wp-json\/wp\/v2\/product_cat?post=369947"},{"taxonomy":"product_tag","embeddable":true,"href":"https:\/\/irankiuzona.lt\/ru\/wp-json\/wp\/v2\/product_tag?post=369947"}],"curies":[{"name":"wp","href":"https:\/\/api.w.org\/{rel}","templated":true}]}}