{"id":369959,"date":"2024-10-20T12:53:12","date_gmt":"2024-10-20T12:53:12","guid":{"rendered":"https:\/\/irankiuzona.lt\/product\/graztu-plytelems-komplektas-4-10-mm\/"},"modified":"2026-03-24T06:27:49","modified_gmt":"2026-03-24T06:27:49","slug":"graztu-plytelems-komplektas-4-10-mm","status":"publish","type":"product","link":"https:\/\/irankiuzona.lt\/ru\/product\/graztu-plytelems-komplektas-4-10-mm\/","title":{"rendered":"Gr\u0105\u017et\u0173 plytel\u0117ms komplektas (4-10 mm)"},"content":{"rendered":"<p>Komplekte:\u00d8 4 mm &#8211; darbinis ilgis 40 mm &#8211; bendras ilgis &#8211; 75 mm\u00d8 5 mm &#8211; darbinis ilgis 45 mm &#8211; bendras ilgis &#8211; 85 mm\u00d8 6 mm &#8211; darbinis ilgis 55 mm &#8211; bendras ilgis &#8211; 100 mm\u00d8 8 mm &#8211; darbinis ilgis 65 mm &#8211; bendras ilgis &#8211; 120 mm\u00d8 10 mm &#8211; darbinis ilgis &#8211; 65 mm &#8211; bendras ilgis &#8211; 120 mm<br \/>\n\u2022 tile floor\u2022 carbide tip with positive sharpening, l shaped thread.<\/p>","protected":false},"excerpt":{"rendered":"<p>Gr\u0105\u017et\u0173 plytel\u0117ms komplektas (4-10 mm) \/ porcelianiniai gr\u0105\u017etai<\/p>","protected":false},"featured_media":169491,"comment_status":"open","ping_status":"open","template":"","meta":[],"product_cat":[9775],"product_tag":[9478],"class_list":{"0":"post-369959","1":"product","2":"type-product","3":"status-publish","4":"has-post-thumbnail","6":"product_brand-leman-prancuzija","7":"product_cat-graztai-keramikai-plytelems","8":"product_tag-leman-prancuzija","10":"first","11":"outofstock","12":"purchasable","13":"product-type-simple"},"jetpack_sharing_enabled":true,"_links":{"self":[{"href":"https:\/\/irankiuzona.lt\/ru\/wp-json\/wp\/v2\/product\/369959","targetHints":{"allow":["GET"]}}],"collection":[{"href":"https:\/\/irankiuzona.lt\/ru\/wp-json\/wp\/v2\/product"}],"about":[{"href":"https:\/\/irankiuzona.lt\/ru\/wp-json\/wp\/v2\/types\/product"}],"replies":[{"embeddable":true,"href":"https:\/\/irankiuzona.lt\/ru\/wp-json\/wp\/v2\/comments?post=369959"}],"version-history":[{"count":1,"href":"https:\/\/irankiuzona.lt\/ru\/wp-json\/wp\/v2\/product\/369959\/revisions"}],"predecessor-version":[{"id":411219,"href":"https:\/\/irankiuzona.lt\/ru\/wp-json\/wp\/v2\/product\/369959\/revisions\/411219"}],"wp:featuredmedia":[{"embeddable":true,"href":"https:\/\/irankiuzona.lt\/ru\/wp-json\/wp\/v2\/media\/169491"}],"wp:attachment":[{"href":"https:\/\/irankiuzona.lt\/ru\/wp-json\/wp\/v2\/media?parent=369959"}],"wp:term":[{"taxonomy":"product_cat","embeddable":true,"href":"https:\/\/irankiuzona.lt\/ru\/wp-json\/wp\/v2\/product_cat?post=369959"},{"taxonomy":"product_tag","embeddable":true,"href":"https:\/\/irankiuzona.lt\/ru\/wp-json\/wp\/v2\/product_tag?post=369959"}],"curies":[{"name":"wp","href":"https:\/\/api.w.org\/{rel}","templated":true}]}}