{"id":370015,"date":"2024-10-20T13:06:02","date_gmt":"2024-10-20T13:06:02","guid":{"rendered":"https:\/\/irankiuzona.lt\/product\/graztai-suvirinimo-taskams-komplektas\/"},"modified":"2026-04-14T23:46:24","modified_gmt":"2026-04-14T23:46:24","slug":"graztai-suvirinimo-taskams-komplektas","status":"publish","type":"product","link":"https:\/\/irankiuzona.lt\/ru\/product\/graztai-suvirinimo-taskams-komplektas\/","title":{"rendered":"Gr\u0105\u017etai suvirinimo ta\u0161kams komplektas"},"content":{"rendered":"<p>Spot Weld Cutter Set, HSS  for separating spot welded sheet metal incl. 2 spare cutter blades \u00f8 8 + 9.5 mm each size and 2 spare centering pins\u00a0<\/p>","protected":false},"excerpt":{"rendered":"<p>Gr\u0105\u017etai suvirinimo ta\u0161kams komplektas<\/p>","protected":false},"featured_media":170113,"comment_status":"open","ping_status":"open","template":"","meta":[],"product_cat":[9602],"product_tag":[9462],"class_list":{"0":"post-370015","1":"product","2":"type-product","3":"status-publish","4":"has-post-thumbnail","6":"product_brand-condor-werkzeug-vokietija","7":"product_cat-graztai-suvirinimo-taskams","8":"product_tag-condor-werkzeug-vokietija","10":"first","11":"instock","12":"purchasable","13":"product-type-simple"},"jetpack_sharing_enabled":true,"_links":{"self":[{"href":"https:\/\/irankiuzona.lt\/ru\/wp-json\/wp\/v2\/product\/370015","targetHints":{"allow":["GET"]}}],"collection":[{"href":"https:\/\/irankiuzona.lt\/ru\/wp-json\/wp\/v2\/product"}],"about":[{"href":"https:\/\/irankiuzona.lt\/ru\/wp-json\/wp\/v2\/types\/product"}],"replies":[{"embeddable":true,"href":"https:\/\/irankiuzona.lt\/ru\/wp-json\/wp\/v2\/comments?post=370015"}],"version-history":[{"count":1,"href":"https:\/\/irankiuzona.lt\/ru\/wp-json\/wp\/v2\/product\/370015\/revisions"}],"predecessor-version":[{"id":411489,"href":"https:\/\/irankiuzona.lt\/ru\/wp-json\/wp\/v2\/product\/370015\/revisions\/411489"}],"wp:featuredmedia":[{"embeddable":true,"href":"https:\/\/irankiuzona.lt\/ru\/wp-json\/wp\/v2\/media\/170113"}],"wp:attachment":[{"href":"https:\/\/irankiuzona.lt\/ru\/wp-json\/wp\/v2\/media?parent=370015"}],"wp:term":[{"taxonomy":"product_cat","embeddable":true,"href":"https:\/\/irankiuzona.lt\/ru\/wp-json\/wp\/v2\/product_cat?post=370015"},{"taxonomy":"product_tag","embeddable":true,"href":"https:\/\/irankiuzona.lt\/ru\/wp-json\/wp\/v2\/product_tag?post=370015"}],"curies":[{"name":"wp","href":"https:\/\/api.w.org\/{rel}","templated":true}]}}