{"id":370019,"date":"2024-10-20T13:06:13","date_gmt":"2024-10-20T13:06:13","guid":{"rendered":"https:\/\/irankiuzona.lt\/product\/dyzeliniu-purkstuku-istraukimo-komplektas\/"},"modified":"2026-04-20T09:54:19","modified_gmt":"2026-04-20T09:54:19","slug":"dyzeliniu-purkstuku-istraukimo-komplektas","status":"publish","type":"product","link":"https:\/\/irankiuzona.lt\/ru\/product\/dyzeliniu-purkstuku-istraukimo-komplektas\/","title":{"rendered":"Dyzelini\u0173 purk\u0161tuk\u0173 i\u0161traukimo komplektas"},"content":{"rendered":"<p>\u00a0<\/p>\n<p>5x Gewindeadapter zum Aufschrauben auf Injektoren: M14x1.5, f\u00fcr Bosch \/ Delphi Injektoren, z.B. BMW (M47), MB (OM 629 \/ 642 \/ 646), PSA (DV4 \/ DW12), VW (CBD) M17x1.0, f\u00fcr Bosch Injektoren, z.B. Alfa, BMW, Fiat, MB, PSA, Renault M20x1.0, f\u00fcr Denso Injektoren M25x1.0, f\u00fcr Siemens Injektoren, z.B. PSA (DW10) M27x1.0, f\u00fcr Siemens Injektoren, z.B. PSA (DW10)<br \/>\n3x Demontage-Krallen, schonendes Demontage-Verfahren, Wiederverwendung des ausgebauten Injektors m\u00f6glich: Maulbreite 12 mm, z.B. Mercedes CDI (au\u00dfer A-Klasse \/ Sprinter \/ Vito) Maulbreite 13 mm, z.B. Renault, Opel oder Nissan mit F9Q Motor  Maulbreite 16 mm, z.B. Citroen C5 \/ Jumpy \/ Xsara, Fiat Ducato JTD, Peugeot 206 \/ 307 \/ 406 \/ Boxer (2.0 \/ 2.2 \/ 2.3 HDI)<br \/>\n1x Gelenk-Adapter:  verhindert ein Verkanten des Injektors durch zentrisches Wirken der Abzugskraft  h\u00f6here Flexibilit\u00e4t bei der Anwendung, da eventuell st\u00f6rende Bauteile im Motorraum nicht ausgebaut, sondern umgangen werden k\u00f6nnen<br \/>\n1x Spezial-Steckschl\u00fcssel, Innensechskant mit Bohrung, zum Entfernen des Fixierrings, z.B. Bosch Injektoren bei MB CDI und PSA HDI<br \/>\nmit Anschlu\u00dfgewinde M18x1.5, z.B. zur Verwendung mit Schlaghammer Condor Nr. 4925 oder 4928<br \/>\nmit Leerfach f\u00fcr Zubeh\u00f6r-Artikel Condor Nr. 3305\/20I: Gewindeadapter M18x1.5 X M20x1.5 (nicht im Lieferumfang enthalten!), geeignet um Demontage-Werkzeuge mit Schlagh\u00e4mmern anderer Hersteller (Anschlussgewinde M20x1.5) zu verwenden<\/p>","protected":false},"excerpt":{"rendered":"<p>\u00a0Dyzelini\u0173 purk\u0161tuk\u0173 i\u0161traukimo k-tas<\/p>","protected":false},"featured_media":170155,"comment_status":"open","ping_status":"open","template":"","meta":[],"product_cat":[9701],"product_tag":[9462],"class_list":{"0":"post-370019","1":"product","2":"type-product","3":"status-publish","4":"has-post-thumbnail","6":"product_brand-condor-werkzeug-vokietija","7":"product_cat-purkstuku-istraukimui","8":"product_tag-condor-werkzeug-vokietija","10":"first","11":"instock","12":"purchasable","13":"product-type-simple"},"jetpack_sharing_enabled":true,"_links":{"self":[{"href":"https:\/\/irankiuzona.lt\/ru\/wp-json\/wp\/v2\/product\/370019","targetHints":{"allow":["GET"]}}],"collection":[{"href":"https:\/\/irankiuzona.lt\/ru\/wp-json\/wp\/v2\/product"}],"about":[{"href":"https:\/\/irankiuzona.lt\/ru\/wp-json\/wp\/v2\/types\/product"}],"replies":[{"embeddable":true,"href":"https:\/\/irankiuzona.lt\/ru\/wp-json\/wp\/v2\/comments?post=370019"}],"version-history":[{"count":1,"href":"https:\/\/irankiuzona.lt\/ru\/wp-json\/wp\/v2\/product\/370019\/revisions"}],"predecessor-version":[{"id":411507,"href":"https:\/\/irankiuzona.lt\/ru\/wp-json\/wp\/v2\/product\/370019\/revisions\/411507"}],"wp:featuredmedia":[{"embeddable":true,"href":"https:\/\/irankiuzona.lt\/ru\/wp-json\/wp\/v2\/media\/170155"}],"wp:attachment":[{"href":"https:\/\/irankiuzona.lt\/ru\/wp-json\/wp\/v2\/media?parent=370019"}],"wp:term":[{"taxonomy":"product_cat","embeddable":true,"href":"https:\/\/irankiuzona.lt\/ru\/wp-json\/wp\/v2\/product_cat?post=370019"},{"taxonomy":"product_tag","embeddable":true,"href":"https:\/\/irankiuzona.lt\/ru\/wp-json\/wp\/v2\/product_tag?post=370019"}],"curies":[{"name":"wp","href":"https:\/\/api.w.org\/{rel}","templated":true}]}}