{"id":370021,"date":"2024-10-20T13:06:14","date_gmt":"2024-10-20T13:06:14","guid":{"rendered":"https:\/\/irankiuzona.lt\/product\/grezimo-karuna-betonui-sds-80mm\/"},"modified":"2026-04-16T06:42:38","modified_gmt":"2026-04-16T06:42:38","slug":"grezimo-karuna-betonui-sds-80mm","status":"publish","type":"product","link":"https:\/\/irankiuzona.lt\/ru\/product\/grezimo-karuna-betonui-sds-80mm\/","title":{"rendered":"Gr\u0119\u017eimo kar\u016bna betonui SDS 80mm"},"content":{"rendered":"<p>Boring crowns are made from steel, TK slices welded on circumference providing drilling of circle openings into various building materials. SDS fastening.<\/p>","protected":false},"excerpt":{"rendered":"<p>Gr\u0119\u017eimo kar\u016bna betonui SDS 80 mm \/ gr\u0105\u017etas betonui 80mm<\/p>","protected":false},"featured_media":170163,"comment_status":"open","ping_status":"open","template":"","meta":[],"product_cat":[9642],"product_tag":[9778],"class_list":{"0":"post-370021","1":"product","2":"type-product","3":"status-publish","4":"has-post-thumbnail","6":"product_brand-triumf-professional-tools-slovakija","7":"product_cat-grezimo-karunos-betonui-murui","8":"product_tag-triumf-professional-tools-slovakija","10":"first","11":"instock","12":"purchasable","13":"product-type-simple"},"jetpack_sharing_enabled":true,"_links":{"self":[{"href":"https:\/\/irankiuzona.lt\/ru\/wp-json\/wp\/v2\/product\/370021","targetHints":{"allow":["GET"]}}],"collection":[{"href":"https:\/\/irankiuzona.lt\/ru\/wp-json\/wp\/v2\/product"}],"about":[{"href":"https:\/\/irankiuzona.lt\/ru\/wp-json\/wp\/v2\/types\/product"}],"replies":[{"embeddable":true,"href":"https:\/\/irankiuzona.lt\/ru\/wp-json\/wp\/v2\/comments?post=370021"}],"version-history":[{"count":1,"href":"https:\/\/irankiuzona.lt\/ru\/wp-json\/wp\/v2\/product\/370021\/revisions"}],"predecessor-version":[{"id":411509,"href":"https:\/\/irankiuzona.lt\/ru\/wp-json\/wp\/v2\/product\/370021\/revisions\/411509"}],"wp:featuredmedia":[{"embeddable":true,"href":"https:\/\/irankiuzona.lt\/ru\/wp-json\/wp\/v2\/media\/170163"}],"wp:attachment":[{"href":"https:\/\/irankiuzona.lt\/ru\/wp-json\/wp\/v2\/media?parent=370021"}],"wp:term":[{"taxonomy":"product_cat","embeddable":true,"href":"https:\/\/irankiuzona.lt\/ru\/wp-json\/wp\/v2\/product_cat?post=370021"},{"taxonomy":"product_tag","embeddable":true,"href":"https:\/\/irankiuzona.lt\/ru\/wp-json\/wp\/v2\/product_tag?post=370021"}],"curies":[{"name":"wp","href":"https:\/\/api.w.org\/{rel}","templated":true}]}}