{"id":370055,"date":"2024-10-20T13:09:06","date_gmt":"2024-10-20T13:09:06","guid":{"rendered":"https:\/\/irankiuzona.lt\/product\/uv-zibintuvelis-ir-akiniai-kondicionavimo-sistemos-nuotekio-aptikimui\/"},"modified":"2026-05-06T21:25:54","modified_gmt":"2026-05-06T21:25:54","slug":"uv-zibintuvelis-ir-akiniai-kondicionavimo-sistemos-nuotekio-aptikimui","status":"publish","type":"product","link":"https:\/\/irankiuzona.lt\/ru\/product\/uv-zibintuvelis-ir-akiniai-kondicionavimo-sistemos-nuotekio-aptikimui\/","title":{"rendered":"UV \u017eibintuv\u0117lis ir akiniai kondicionavimo sistemos nuot\u0117kio aptikimui"},"content":{"rendered":"<p>YATO UV \u0161viesos \u017eibintuv\u0117lis suprojektuotas aptikti automobilio oro kondicionavimo sistemos nuotekius. 51 LED lemput\u0117s spinduliuoja stipr\u0173 spindul\u012f, kuris aptinka nuotekius. \u017dibintuv\u0117lis sukomplektuotas kartu su apsauginiais akiniais, atitinkan\u010diais Europos PPE nuostatas. \u012e komplekt\u0105 \u012feina :<br \/>\n&#8211; 51 LED UV \u017eibintuv\u0117lis<br \/>\n&#8211; apsauginiai akiniai<\/p>\n<p>\u017dibintuv\u0117lis maitinamas 3x AA baterijomis ( baterijos \u012f komplekt\u0105 ne\u012feina )<\/p>","protected":false},"excerpt":{"rendered":"<p>UV \u017eibintuv\u0117lis ir akiniai kondicionieriaus sistemos nuot\u0117kio aptikimui<\/p>","protected":false},"featured_media":170664,"comment_status":"open","ping_status":"open","template":"","meta":[],"product_cat":[9789],"product_tag":[9483],"class_list":{"0":"post-370055","1":"product","2":"type-product","3":"status-publish","4":"has-post-thumbnail","6":"product_brand-yato-lenkija","7":"product_cat-iranga-kondicionieriu-pildymui-priedai","8":"product_tag-yato-lenkija","10":"first","11":"instock","12":"purchasable","13":"product-type-simple"},"jetpack_sharing_enabled":true,"_links":{"self":[{"href":"https:\/\/irankiuzona.lt\/ru\/wp-json\/wp\/v2\/product\/370055","targetHints":{"allow":["GET"]}}],"collection":[{"href":"https:\/\/irankiuzona.lt\/ru\/wp-json\/wp\/v2\/product"}],"about":[{"href":"https:\/\/irankiuzona.lt\/ru\/wp-json\/wp\/v2\/types\/product"}],"replies":[{"embeddable":true,"href":"https:\/\/irankiuzona.lt\/ru\/wp-json\/wp\/v2\/comments?post=370055"}],"version-history":[{"count":1,"href":"https:\/\/irankiuzona.lt\/ru\/wp-json\/wp\/v2\/product\/370055\/revisions"}],"predecessor-version":[{"id":411718,"href":"https:\/\/irankiuzona.lt\/ru\/wp-json\/wp\/v2\/product\/370055\/revisions\/411718"}],"wp:featuredmedia":[{"embeddable":true,"href":"https:\/\/irankiuzona.lt\/ru\/wp-json\/wp\/v2\/media\/170664"}],"wp:attachment":[{"href":"https:\/\/irankiuzona.lt\/ru\/wp-json\/wp\/v2\/media?parent=370055"}],"wp:term":[{"taxonomy":"product_cat","embeddable":true,"href":"https:\/\/irankiuzona.lt\/ru\/wp-json\/wp\/v2\/product_cat?post=370055"},{"taxonomy":"product_tag","embeddable":true,"href":"https:\/\/irankiuzona.lt\/ru\/wp-json\/wp\/v2\/product_tag?post=370055"}],"curies":[{"name":"wp","href":"https:\/\/api.w.org\/{rel}","templated":true}]}}