{"id":370119,"date":"2024-10-20T13:13:08","date_gmt":"2024-10-20T13:13:08","guid":{"rendered":"https:\/\/irankiuzona.lt\/product\/sriegio-atstatymo-komplektas-m61-0\/"},"modified":"2026-05-15T11:33:42","modified_gmt":"2026-05-15T11:33:42","slug":"sriegio-atstatymo-komplektas-m61-0","status":"publish","type":"product","link":"https:\/\/irankiuzona.lt\/ru\/product\/sriegio-atstatymo-komplektas-m61-0\/","title":{"rendered":"Sriegio atstatymo komplektas M6*1.0"},"content":{"rendered":"<p>Komplekte: 12 spyruoklini\u0173 \u012fvori\u0173<\/p>","protected":false},"excerpt":{"rendered":"<p>Sriegio atstatymo komplektas M6*1.0<\/p>","protected":false},"featured_media":171618,"comment_status":"open","ping_status":"open","template":"","meta":[],"product_cat":[9747],"product_tag":[9898],"class_list":{"0":"post-370119","1":"product","2":"type-product","3":"status-publish","4":"has-post-thumbnail","6":"product_brand-avtodelo","7":"product_cat-sugadinto-sriegio-atstatymo-komplektai-ivores-indeklai-helikoliai","8":"product_tag-avtodelo","10":"first","11":"outofstock","12":"purchasable","13":"product-type-simple"},"jetpack_sharing_enabled":true,"_links":{"self":[{"href":"https:\/\/irankiuzona.lt\/ru\/wp-json\/wp\/v2\/product\/370119","targetHints":{"allow":["GET"]}}],"collection":[{"href":"https:\/\/irankiuzona.lt\/ru\/wp-json\/wp\/v2\/product"}],"about":[{"href":"https:\/\/irankiuzona.lt\/ru\/wp-json\/wp\/v2\/types\/product"}],"replies":[{"embeddable":true,"href":"https:\/\/irankiuzona.lt\/ru\/wp-json\/wp\/v2\/comments?post=370119"}],"version-history":[{"count":1,"href":"https:\/\/irankiuzona.lt\/ru\/wp-json\/wp\/v2\/product\/370119\/revisions"}],"predecessor-version":[{"id":412093,"href":"https:\/\/irankiuzona.lt\/ru\/wp-json\/wp\/v2\/product\/370119\/revisions\/412093"}],"wp:featuredmedia":[{"embeddable":true,"href":"https:\/\/irankiuzona.lt\/ru\/wp-json\/wp\/v2\/media\/171618"}],"wp:attachment":[{"href":"https:\/\/irankiuzona.lt\/ru\/wp-json\/wp\/v2\/media?parent=370119"}],"wp:term":[{"taxonomy":"product_cat","embeddable":true,"href":"https:\/\/irankiuzona.lt\/ru\/wp-json\/wp\/v2\/product_cat?post=370119"},{"taxonomy":"product_tag","embeddable":true,"href":"https:\/\/irankiuzona.lt\/ru\/wp-json\/wp\/v2\/product_tag?post=370119"}],"curies":[{"name":"wp","href":"https:\/\/api.w.org\/{rel}","templated":true}]}}