{"id":370320,"date":"2024-10-20T13:26:51","date_gmt":"2024-10-20T13:26:51","guid":{"rendered":"https:\/\/irankiuzona.lt\/product\/graztas-suvirinimo-taskams-8mm\/"},"modified":"2026-04-16T07:42:45","modified_gmt":"2026-04-16T07:42:45","slug":"graztas-suvirinimo-taskams-8mm","status":"publish","type":"product","link":"https:\/\/irankiuzona.lt\/ru\/product\/graztas-suvirinimo-taskams-8mm\/","title":{"rendered":"Gr\u0105\u017etas suvirinimo ta\u0161kams 8mm"},"content":{"rendered":"<p>Is used for drilling spot welding during body repair works.<br \/>\nIs made of fast-speed steel P9.<br \/>\nHas a titanium-nickel coating of the working part, increasing wear resistance and durability.<br \/>\nThe working size of the drill is 8.0 mm.<br \/>\nComes stored and orginized in a individual blister pack.<\/p>","protected":false},"excerpt":{"rendered":"<p>Gr\u0105\u017etas suvirinimo ta\u0161kams 8mm<\/p>","protected":false},"featured_media":173996,"comment_status":"open","ping_status":"open","template":"","meta":[],"product_cat":[9602],"product_tag":[9898],"class_list":{"0":"post-370320","1":"product","2":"type-product","3":"status-publish","4":"has-post-thumbnail","6":"product_brand-avtodelo","7":"product_cat-graztai-suvirinimo-taskams","8":"product_tag-avtodelo","10":"first","11":"instock","12":"purchasable","13":"product-type-simple"},"jetpack_sharing_enabled":true,"_links":{"self":[{"href":"https:\/\/irankiuzona.lt\/ru\/wp-json\/wp\/v2\/product\/370320","targetHints":{"allow":["GET"]}}],"collection":[{"href":"https:\/\/irankiuzona.lt\/ru\/wp-json\/wp\/v2\/product"}],"about":[{"href":"https:\/\/irankiuzona.lt\/ru\/wp-json\/wp\/v2\/types\/product"}],"replies":[{"embeddable":true,"href":"https:\/\/irankiuzona.lt\/ru\/wp-json\/wp\/v2\/comments?post=370320"}],"version-history":[{"count":1,"href":"https:\/\/irankiuzona.lt\/ru\/wp-json\/wp\/v2\/product\/370320\/revisions"}],"predecessor-version":[{"id":413087,"href":"https:\/\/irankiuzona.lt\/ru\/wp-json\/wp\/v2\/product\/370320\/revisions\/413087"}],"wp:featuredmedia":[{"embeddable":true,"href":"https:\/\/irankiuzona.lt\/ru\/wp-json\/wp\/v2\/media\/173996"}],"wp:attachment":[{"href":"https:\/\/irankiuzona.lt\/ru\/wp-json\/wp\/v2\/media?parent=370320"}],"wp:term":[{"taxonomy":"product_cat","embeddable":true,"href":"https:\/\/irankiuzona.lt\/ru\/wp-json\/wp\/v2\/product_cat?post=370320"},{"taxonomy":"product_tag","embeddable":true,"href":"https:\/\/irankiuzona.lt\/ru\/wp-json\/wp\/v2\/product_tag?post=370320"}],"curies":[{"name":"wp","href":"https:\/\/api.w.org\/{rel}","templated":true}]}}