{"id":370338,"date":"2024-10-20T13:29:41","date_gmt":"2024-10-20T13:29:41","guid":{"rendered":"https:\/\/irankiuzona.lt\/product\/tepaliniu-guoliu-rieboksliu-sandarinimo-ziedu-presavimo-komplektas-17vnt\/"},"modified":"2026-04-13T03:23:39","modified_gmt":"2026-04-13T03:23:39","slug":"tepaliniu-guoliu-rieboksliu-sandarinimo-ziedu-presavimo-komplektas-17vnt","status":"publish","type":"product","link":"https:\/\/irankiuzona.lt\/ru\/product\/tepaliniu-guoliu-rieboksliu-sandarinimo-ziedu-presavimo-komplektas-17vnt\/","title":{"rendered":"Tepalini\u0173 guoli\u0173\/riebok\u0161li\u0173\/sandarinimo \u017eied\u0173 presavimo komplektas 17vnt"},"content":{"rendered":"<p>Pagamintas i\u0161 aliuminio\u00a0\u00a0\u00a0 3 presavimo antgaliai: \u00d8 11 mm, 16 mm, 21 mm\u00a0\u00a0\u00a0 13 presavimo pad\u0173:\u00a0\u00a0\u00a0 10 mm vidinis skersmuo x 12 mm, i\u0161orinis skersmuo\u00a0\u00a0\u00a0 12 mm, vidinis skersmuo x 14 mm i\u0161orinis skersmuo\u00a0\u00a0\u00a0 14 mm, vidinis skersmuo x 16 mm i\u0161orinis skersmuo\u00a0\u00a0\u00a0 15 mm, vidinis skersmuo x 17 mm, i\u0161orinis skersmuo\u00a0\u00a0\u00a0 16 mm, vidinis skersmuo x 18 mm i\u0161orinis skersmuo\u00a0\u00a0\u00a0 18 mm vidinis skersmuo x 20 mm, i\u0161orinis skersmuo\u00a0\u00a0\u00a0 19 mm, vidinis skersmuo x 21 mm i\u0161orinis skersmuo\u00a0\u00a0\u00a0 20 mm, vidinis skersmuo x 22 mm i\u0161orinis skersmuo\u00a0\u00a0\u00a0 22 mm vidinis skersmuo x 24 mm, i\u0161orinis skersmuo\u00a0\u00a0\u00a0 25 mm, vidinis skersmuo x 27 mm, i\u0161orinis skersmuo\u00a0\u00a0\u00a0 26 mm, vidinis skersmuo x 28 mm i\u0161orinis skersmuo\u00a0\u00a0\u00a0 28 mm, vidinis skersmuo x 30 mm, i\u0161orinis skersmuo\u00a0\u00a0\u00a0 30 mm, vidinis skersmuo x 32 mm i\u0161orinis skersmuo<\/p>","protected":false},"excerpt":{"rendered":"<p>Tepalini\u0173 guoli\u0173\/riebok\u0161li\u0173\/sandarinimo \u017eied\u0173 presavimo komplektas 17vnt<\/p>","protected":false},"featured_media":174764,"comment_status":"open","ping_status":"open","template":"","meta":[],"product_cat":[9730],"product_tag":[9845],"class_list":{"0":"post-370338","1":"product","2":"type-product","3":"status-publish","4":"has-post-thumbnail","6":"product_brand-vokietija-germany","7":"product_cat-irankiai-rieboksliams","8":"product_tag-vokietija-germany","10":"first","11":"outofstock","12":"purchasable","13":"product-type-simple"},"jetpack_sharing_enabled":true,"_links":{"self":[{"href":"https:\/\/irankiuzona.lt\/ru\/wp-json\/wp\/v2\/product\/370338","targetHints":{"allow":["GET"]}}],"collection":[{"href":"https:\/\/irankiuzona.lt\/ru\/wp-json\/wp\/v2\/product"}],"about":[{"href":"https:\/\/irankiuzona.lt\/ru\/wp-json\/wp\/v2\/types\/product"}],"replies":[{"embeddable":true,"href":"https:\/\/irankiuzona.lt\/ru\/wp-json\/wp\/v2\/comments?post=370338"}],"version-history":[{"count":1,"href":"https:\/\/irankiuzona.lt\/ru\/wp-json\/wp\/v2\/product\/370338\/revisions"}],"predecessor-version":[{"id":413358,"href":"https:\/\/irankiuzona.lt\/ru\/wp-json\/wp\/v2\/product\/370338\/revisions\/413358"}],"wp:featuredmedia":[{"embeddable":true,"href":"https:\/\/irankiuzona.lt\/ru\/wp-json\/wp\/v2\/media\/174764"}],"wp:attachment":[{"href":"https:\/\/irankiuzona.lt\/ru\/wp-json\/wp\/v2\/media?parent=370338"}],"wp:term":[{"taxonomy":"product_cat","embeddable":true,"href":"https:\/\/irankiuzona.lt\/ru\/wp-json\/wp\/v2\/product_cat?post=370338"},{"taxonomy":"product_tag","embeddable":true,"href":"https:\/\/irankiuzona.lt\/ru\/wp-json\/wp\/v2\/product_tag?post=370338"}],"curies":[{"name":"wp","href":"https:\/\/api.w.org\/{rel}","templated":true}]}}