{"id":370382,"date":"2024-10-20T13:32:14","date_gmt":"2024-10-20T13:32:14","guid":{"rendered":"https:\/\/irankiuzona.lt\/product\/hidraulinis-spyruokliu-suspaudejas-1000kg\/"},"modified":"2026-04-22T01:46:15","modified_gmt":"2026-04-22T01:46:15","slug":"hidraulinis-spyruokliu-suspaudejas-1000kg","status":"publish","type":"product","link":"https:\/\/irankiuzona.lt\/ru\/product\/hidraulinis-spyruokliu-suspaudejas-1000kg\/","title":{"rendered":"Hidraulinis spyruokli\u0173 suspaud\u0117jas 1000kg"},"content":{"rendered":"<p>Hidraulinis spyruokli\u0173 suspaud\u0117jas 1000kg Suspaudimo j\u0117ga 2200Lbs, 1000kg Suspaudimo ilgis 210-570mm Cilindro eiga 325mm Spyruokl\u0117s \u00d8101.6 &#8211; 254mm Svoris 37kg<\/p>","protected":false},"excerpt":{"rendered":"<p>Hidraulinis spyruokli\u0173 suspaud\u0117jas 1000kg<\/p>","protected":false},"featured_media":175438,"comment_status":"open","ping_status":"open","template":"","meta":[],"product_cat":[9723],"product_tag":[9435],"class_list":{"0":"post-370382","1":"product","2":"type-product","3":"status-publish","4":"has-post-thumbnail","6":"product_brand-kinija","7":"product_cat-spyruokliu-suspaudimo-irankiai","8":"product_tag-kinija","10":"first","11":"outofstock","12":"purchasable","13":"product-type-simple"},"jetpack_sharing_enabled":true,"_links":{"self":[{"href":"https:\/\/irankiuzona.lt\/ru\/wp-json\/wp\/v2\/product\/370382","targetHints":{"allow":["GET"]}}],"collection":[{"href":"https:\/\/irankiuzona.lt\/ru\/wp-json\/wp\/v2\/product"}],"about":[{"href":"https:\/\/irankiuzona.lt\/ru\/wp-json\/wp\/v2\/types\/product"}],"replies":[{"embeddable":true,"href":"https:\/\/irankiuzona.lt\/ru\/wp-json\/wp\/v2\/comments?post=370382"}],"version-history":[{"count":1,"href":"https:\/\/irankiuzona.lt\/ru\/wp-json\/wp\/v2\/product\/370382\/revisions"}],"predecessor-version":[{"id":413644,"href":"https:\/\/irankiuzona.lt\/ru\/wp-json\/wp\/v2\/product\/370382\/revisions\/413644"}],"wp:featuredmedia":[{"embeddable":true,"href":"https:\/\/irankiuzona.lt\/ru\/wp-json\/wp\/v2\/media\/175438"}],"wp:attachment":[{"href":"https:\/\/irankiuzona.lt\/ru\/wp-json\/wp\/v2\/media?parent=370382"}],"wp:term":[{"taxonomy":"product_cat","embeddable":true,"href":"https:\/\/irankiuzona.lt\/ru\/wp-json\/wp\/v2\/product_cat?post=370382"},{"taxonomy":"product_tag","embeddable":true,"href":"https:\/\/irankiuzona.lt\/ru\/wp-json\/wp\/v2\/product_tag?post=370382"}],"curies":[{"name":"wp","href":"https:\/\/api.w.org\/{rel}","templated":true}]}}