{"id":370398,"date":"2024-10-20T13:33:44","date_gmt":"2024-10-20T13:33:44","guid":{"rendered":"https:\/\/irankiuzona.lt\/product\/smuginiu-galvuciu-komplektas-1-2-6k-8-32-mm\/"},"modified":"2026-05-16T00:20:23","modified_gmt":"2026-05-16T00:20:23","slug":"smuginiu-galvuciu-komplektas-1-2-6k-8-32-mm","status":"publish","type":"product","link":"https:\/\/irankiuzona.lt\/ru\/product\/smuginiu-galvuciu-komplektas-1-2-6k-8-32-mm\/","title":{"rendered":"Sm\u016bgini\u0173 galvu\u010di\u0173 komplektas 1\/2&quot; 6k. (8-32 mm)"},"content":{"rendered":"<p>Su d\u0117klu \u012f \u012franki\u0173 ve\u017eim\u0117l\u012f.\u00a0Komplekte:1\/2 trumpos galvos: 8, 9, 10, 11, 12, 13, 14, 15, 16, 17, 18, 19, 20, 21, 22, 24, 27, 30, 32 mm1\/2 ilgos galvos:\u00a08, 9, 10, 11, 12, 13, 14, 15, 16, 17, 18, 19, 20, 21, 22, 24, 27, 30, 32 mmPrailgintuvas 1\/2 Cr-Mo 125mm\u0160arnyras 1\/2 Cr-Mo\u00a0Per\u0117jimas Cr-Mo 3\/4 -&gt; 1\/2<\/p>","protected":false},"excerpt":{"rendered":"<p>Sm\u016bgini\u0173 galvu\u010di\u0173 komplektas 1\/2&#8243; 6k. (8-32 mm)<\/p>","protected":false},"featured_media":175844,"comment_status":"open","ping_status":"closed","template":"","meta":[],"product_cat":[9870],"product_tag":[9462],"class_list":{"0":"post-370398","1":"product","2":"type-product","3":"status-publish","4":"has-post-thumbnail","6":"product_brand-condor-werkzeug-vokietija","7":"product_cat-deklai-i-vezimus-su-irankiais-ir-tusti","8":"product_tag-condor-werkzeug-vokietija","10":"first","11":"instock","12":"purchasable","13":"product-type-simple"},"jetpack_sharing_enabled":true,"_links":{"self":[{"href":"https:\/\/irankiuzona.lt\/ru\/wp-json\/wp\/v2\/product\/370398","targetHints":{"allow":["GET"]}}],"collection":[{"href":"https:\/\/irankiuzona.lt\/ru\/wp-json\/wp\/v2\/product"}],"about":[{"href":"https:\/\/irankiuzona.lt\/ru\/wp-json\/wp\/v2\/types\/product"}],"replies":[{"embeddable":true,"href":"https:\/\/irankiuzona.lt\/ru\/wp-json\/wp\/v2\/comments?post=370398"}],"version-history":[{"count":1,"href":"https:\/\/irankiuzona.lt\/ru\/wp-json\/wp\/v2\/product\/370398\/revisions"}],"predecessor-version":[{"id":413838,"href":"https:\/\/irankiuzona.lt\/ru\/wp-json\/wp\/v2\/product\/370398\/revisions\/413838"}],"wp:featuredmedia":[{"embeddable":true,"href":"https:\/\/irankiuzona.lt\/ru\/wp-json\/wp\/v2\/media\/175844"}],"wp:attachment":[{"href":"https:\/\/irankiuzona.lt\/ru\/wp-json\/wp\/v2\/media?parent=370398"}],"wp:term":[{"taxonomy":"product_cat","embeddable":true,"href":"https:\/\/irankiuzona.lt\/ru\/wp-json\/wp\/v2\/product_cat?post=370398"},{"taxonomy":"product_tag","embeddable":true,"href":"https:\/\/irankiuzona.lt\/ru\/wp-json\/wp\/v2\/product_tag?post=370398"}],"curies":[{"name":"wp","href":"https:\/\/api.w.org\/{rel}","templated":true}]}}