{"id":370424,"date":"2024-10-20T13:35:28","date_gmt":"2024-10-20T13:35:28","guid":{"rendered":"https:\/\/irankiuzona.lt\/product\/galvute-1-27mm-smugine\/"},"modified":"2026-04-24T07:55:00","modified_gmt":"2026-04-24T07:55:00","slug":"galvute-1-27mm-smugine","status":"publish","type":"product","link":"https:\/\/irankiuzona.lt\/ru\/product\/galvute-1-27mm-smugine\/","title":{"rendered":"Galvut\u0117 1&quot; 27mm sm\u016bgin\u0117"},"content":{"rendered":"<p>Descriptionfor both manual and impact wrenchescan be fixed on impact wrench by pin and O-ringTechnical dataSurface finish PhosphatedDrive profile Internal squareDrive profile size, inch 1 &quot;Output profile HexagonDrive profile size, metric 25 mmMaterial Chrome Molybdenum SteelGross weight 540 gWrench size 27 mm<\/p>","protected":false},"excerpt":{"rendered":"<p>Galvut\u0117 1&quot; 27mm Cr-Mo sm\u016bgin\u0117<\/p>","protected":false},"featured_media":176246,"comment_status":"open","ping_status":"open","template":"","meta":[],"product_cat":[9772],"product_tag":[9845],"class_list":{"0":"post-370424","1":"product","2":"type-product","3":"status-publish","4":"has-post-thumbnail","6":"product_brand-vokietija-germany","7":"product_cat-1-25-mm-trumpos-ir-ilgos-smugines-sesiakampes-galvutes","8":"product_tag-vokietija-germany","10":"first","11":"outofstock","12":"purchasable","13":"product-type-simple"},"jetpack_sharing_enabled":true,"_links":{"self":[{"href":"https:\/\/irankiuzona.lt\/ru\/wp-json\/wp\/v2\/product\/370424","targetHints":{"allow":["GET"]}}],"collection":[{"href":"https:\/\/irankiuzona.lt\/ru\/wp-json\/wp\/v2\/product"}],"about":[{"href":"https:\/\/irankiuzona.lt\/ru\/wp-json\/wp\/v2\/types\/product"}],"replies":[{"embeddable":true,"href":"https:\/\/irankiuzona.lt\/ru\/wp-json\/wp\/v2\/comments?post=370424"}],"version-history":[{"count":1,"href":"https:\/\/irankiuzona.lt\/ru\/wp-json\/wp\/v2\/product\/370424\/revisions"}],"predecessor-version":[{"id":414029,"href":"https:\/\/irankiuzona.lt\/ru\/wp-json\/wp\/v2\/product\/370424\/revisions\/414029"}],"wp:featuredmedia":[{"embeddable":true,"href":"https:\/\/irankiuzona.lt\/ru\/wp-json\/wp\/v2\/media\/176246"}],"wp:attachment":[{"href":"https:\/\/irankiuzona.lt\/ru\/wp-json\/wp\/v2\/media?parent=370424"}],"wp:term":[{"taxonomy":"product_cat","embeddable":true,"href":"https:\/\/irankiuzona.lt\/ru\/wp-json\/wp\/v2\/product_cat?post=370424"},{"taxonomy":"product_tag","embeddable":true,"href":"https:\/\/irankiuzona.lt\/ru\/wp-json\/wp\/v2\/product_tag?post=370424"}],"curies":[{"name":"wp","href":"https:\/\/api.w.org\/{rel}","templated":true}]}}