{"id":370432,"date":"2024-10-20T13:36:37","date_gmt":"2024-10-20T13:36:37","guid":{"rendered":"https:\/\/irankiuzona.lt\/product\/galvute-1-85mm-6-kampe\/"},"modified":"2026-04-14T00:57:46","modified_gmt":"2026-04-14T00:57:46","slug":"galvute-1-85mm-6-kampe","status":"publish","type":"product","link":"https:\/\/irankiuzona.lt\/ru\/product\/galvute-1-85mm-6-kampe\/","title":{"rendered":"Galvut\u0117 1&quot; 85mm 6-kamp\u0117"},"content":{"rendered":"","protected":false},"excerpt":{"rendered":"<p>Galva 85mm CV 6-kamp\u0117 \/ Lizdas 1&quot; (25mm)<\/p>","protected":false},"featured_media":176504,"comment_status":"open","ping_status":"open","template":"","meta":[],"product_cat":[9804],"product_tag":[9435],"class_list":{"0":"post-370432","1":"product","2":"type-product","3":"status-publish","4":"has-post-thumbnail","6":"product_brand-kinija","7":"product_cat-1-25-mm-sesiakampes-galvutes","8":"product_tag-kinija","10":"first","11":"outofstock","12":"purchasable","13":"product-type-simple"},"jetpack_sharing_enabled":true,"_links":{"self":[{"href":"https:\/\/irankiuzona.lt\/ru\/wp-json\/wp\/v2\/product\/370432","targetHints":{"allow":["GET"]}}],"collection":[{"href":"https:\/\/irankiuzona.lt\/ru\/wp-json\/wp\/v2\/product"}],"about":[{"href":"https:\/\/irankiuzona.lt\/ru\/wp-json\/wp\/v2\/types\/product"}],"replies":[{"embeddable":true,"href":"https:\/\/irankiuzona.lt\/ru\/wp-json\/wp\/v2\/comments?post=370432"}],"version-history":[{"count":1,"href":"https:\/\/irankiuzona.lt\/ru\/wp-json\/wp\/v2\/product\/370432\/revisions"}],"predecessor-version":[{"id":414144,"href":"https:\/\/irankiuzona.lt\/ru\/wp-json\/wp\/v2\/product\/370432\/revisions\/414144"}],"wp:featuredmedia":[{"embeddable":true,"href":"https:\/\/irankiuzona.lt\/ru\/wp-json\/wp\/v2\/media\/176504"}],"wp:attachment":[{"href":"https:\/\/irankiuzona.lt\/ru\/wp-json\/wp\/v2\/media?parent=370432"}],"wp:term":[{"taxonomy":"product_cat","embeddable":true,"href":"https:\/\/irankiuzona.lt\/ru\/wp-json\/wp\/v2\/product_cat?post=370432"},{"taxonomy":"product_tag","embeddable":true,"href":"https:\/\/irankiuzona.lt\/ru\/wp-json\/wp\/v2\/product_tag?post=370432"}],"curies":[{"name":"wp","href":"https:\/\/api.w.org\/{rel}","templated":true}]}}