{"id":370454,"date":"2024-10-20T13:37:37","date_gmt":"2024-10-20T13:37:37","guid":{"rendered":"https:\/\/irankiuzona.lt\/product\/terksle-1-2-cr-mo-72-dantu\/"},"modified":"2026-04-06T20:39:21","modified_gmt":"2026-04-06T20:39:21","slug":"terksle-1-2-cr-mo-72-dantu","status":"publish","type":"product","link":"https:\/\/irankiuzona.lt\/ru\/product\/terksle-1-2-cr-mo-72-dantu\/","title":{"rendered":"Terk\u0161l\u0117 1\/2&quot; Cr-Mo 72 dant\u0173"},"content":{"rendered":"<p>Terk\u0161l\u0117 1\/2&quot; Cr-Mo 72 dant\u0173<\/p>","protected":false},"excerpt":{"rendered":"<p>Terk\u0161l\u0117 1\/2&quot; Cr-Mo 72 dant\u0173<\/p>","protected":false},"featured_media":176738,"comment_status":"open","ping_status":"open","template":"","meta":[],"product_cat":[9507],"product_tag":[9969],"class_list":{"0":"post-370454","1":"product","2":"type-product","3":"status-publish","4":"has-post-thumbnail","6":"product_brand-hogert-technik-vokietija","7":"product_cat-terksles-galvutems","8":"product_tag-hogert-technik-vokietija","10":"first","11":"instock","12":"purchasable","13":"product-type-simple"},"jetpack_sharing_enabled":true,"_links":{"self":[{"href":"https:\/\/irankiuzona.lt\/ru\/wp-json\/wp\/v2\/product\/370454","targetHints":{"allow":["GET"]}}],"collection":[{"href":"https:\/\/irankiuzona.lt\/ru\/wp-json\/wp\/v2\/product"}],"about":[{"href":"https:\/\/irankiuzona.lt\/ru\/wp-json\/wp\/v2\/types\/product"}],"replies":[{"embeddable":true,"href":"https:\/\/irankiuzona.lt\/ru\/wp-json\/wp\/v2\/comments?post=370454"}],"version-history":[{"count":0,"href":"https:\/\/irankiuzona.lt\/ru\/wp-json\/wp\/v2\/product\/370454\/revisions"}],"wp:featuredmedia":[{"embeddable":true,"href":"https:\/\/irankiuzona.lt\/ru\/wp-json\/wp\/v2\/media\/176738"}],"wp:attachment":[{"href":"https:\/\/irankiuzona.lt\/ru\/wp-json\/wp\/v2\/media?parent=370454"}],"wp:term":[{"taxonomy":"product_cat","embeddable":true,"href":"https:\/\/irankiuzona.lt\/ru\/wp-json\/wp\/v2\/product_cat?post=370454"},{"taxonomy":"product_tag","embeddable":true,"href":"https:\/\/irankiuzona.lt\/ru\/wp-json\/wp\/v2\/product_tag?post=370454"}],"curies":[{"name":"wp","href":"https:\/\/api.w.org\/{rel}","templated":true}]}}