{"id":370468,"date":"2024-10-20T13:38:09","date_gmt":"2024-10-20T13:38:09","guid":{"rendered":"https:\/\/irankiuzona.lt\/product\/sepeciu-komplektas-drelei-5vnt\/"},"modified":"2026-04-18T16:40:44","modified_gmt":"2026-04-18T16:40:44","slug":"sepeciu-komplektas-drelei-5vnt","status":"publish","type":"product","link":"https:\/\/irankiuzona.lt\/ru\/product\/sepeciu-komplektas-drelei-5vnt\/","title":{"rendered":"\u0160epe\u010di\u0173 komplektas dr\u0117lei \/ 5vnt."},"content":{"rendered":"<p>Komplekte:25mm \u0161epetys pailgas50 ir 75 mm puodelio tipo \u0161epe\u010diai60 ir 75 mm plok\u0161ti \u0161epe\u010diai<\/p>","protected":false},"excerpt":{"rendered":"<p>\u0160epe\u010di\u0173 komplektas dr\u0117lei (gr\u0119\u017etuvui) \/ 5vnt.<\/p>","protected":false},"featured_media":176858,"comment_status":"open","ping_status":"open","template":"","meta":[],"product_cat":[9450],"product_tag":[9898],"class_list":{"0":"post-370468","1":"product","2":"type-product","3":"status-publish","4":"has-post-thumbnail","6":"product_brand-avtodelo","7":"product_cat-sepeciai-greztuvui-slif-pj-irankiui","8":"product_tag-avtodelo","10":"first","11":"outofstock","12":"purchasable","13":"product-type-simple"},"jetpack_sharing_enabled":true,"_links":{"self":[{"href":"https:\/\/irankiuzona.lt\/ru\/wp-json\/wp\/v2\/product\/370468","targetHints":{"allow":["GET"]}}],"collection":[{"href":"https:\/\/irankiuzona.lt\/ru\/wp-json\/wp\/v2\/product"}],"about":[{"href":"https:\/\/irankiuzona.lt\/ru\/wp-json\/wp\/v2\/types\/product"}],"replies":[{"embeddable":true,"href":"https:\/\/irankiuzona.lt\/ru\/wp-json\/wp\/v2\/comments?post=370468"}],"version-history":[{"count":1,"href":"https:\/\/irankiuzona.lt\/ru\/wp-json\/wp\/v2\/product\/370468\/revisions"}],"predecessor-version":[{"id":414285,"href":"https:\/\/irankiuzona.lt\/ru\/wp-json\/wp\/v2\/product\/370468\/revisions\/414285"}],"wp:featuredmedia":[{"embeddable":true,"href":"https:\/\/irankiuzona.lt\/ru\/wp-json\/wp\/v2\/media\/176858"}],"wp:attachment":[{"href":"https:\/\/irankiuzona.lt\/ru\/wp-json\/wp\/v2\/media?parent=370468"}],"wp:term":[{"taxonomy":"product_cat","embeddable":true,"href":"https:\/\/irankiuzona.lt\/ru\/wp-json\/wp\/v2\/product_cat?post=370468"},{"taxonomy":"product_tag","embeddable":true,"href":"https:\/\/irankiuzona.lt\/ru\/wp-json\/wp\/v2\/product_tag?post=370468"}],"curies":[{"name":"wp","href":"https:\/\/api.w.org\/{rel}","templated":true}]}}