{"id":370474,"date":"2024-10-20T13:38:34","date_gmt":"2024-10-20T13:38:34","guid":{"rendered":"https:\/\/irankiuzona.lt\/product\/dyzeliniu-purkstuku-diagnostikos-komplektas\/"},"modified":"2026-04-12T09:21:12","modified_gmt":"2026-04-12T09:21:12","slug":"dyzeliniu-purkstuku-diagnostikos-komplektas","status":"publish","type":"product","link":"https:\/\/irankiuzona.lt\/ru\/product\/dyzeliniu-purkstuku-diagnostikos-komplektas\/","title":{"rendered":"Dyzelini\u0173 purk\u0161tuk\u0173 diagnostikos komplektas"},"content":{"rendered":"<p>DYZELINIAMS VARIKLIAMS, iki 6 CILINDR\u0172 taikymas: Common Rail sistemai  svoris (g) 1800<\/p>","protected":false},"excerpt":{"rendered":"<p>Common rail purk\u0161tuk\u0173 diagnostikos komplektas<\/p>","protected":false},"featured_media":176940,"comment_status":"open","ping_status":"open","template":"","meta":[],"product_cat":[9700],"product_tag":[9435],"class_list":{"0":"post-370474","1":"product","2":"type-product","3":"status-publish","4":"has-post-thumbnail","6":"product_brand-kinija","7":"product_cat-dyzeliniu-purkstuku-diagnostika","8":"product_tag-kinija","10":"first","11":"outofstock","12":"purchasable","13":"product-type-simple"},"jetpack_sharing_enabled":true,"_links":{"self":[{"href":"https:\/\/irankiuzona.lt\/ru\/wp-json\/wp\/v2\/product\/370474","targetHints":{"allow":["GET"]}}],"collection":[{"href":"https:\/\/irankiuzona.lt\/ru\/wp-json\/wp\/v2\/product"}],"about":[{"href":"https:\/\/irankiuzona.lt\/ru\/wp-json\/wp\/v2\/types\/product"}],"replies":[{"embeddable":true,"href":"https:\/\/irankiuzona.lt\/ru\/wp-json\/wp\/v2\/comments?post=370474"}],"version-history":[{"count":1,"href":"https:\/\/irankiuzona.lt\/ru\/wp-json\/wp\/v2\/product\/370474\/revisions"}],"predecessor-version":[{"id":414326,"href":"https:\/\/irankiuzona.lt\/ru\/wp-json\/wp\/v2\/product\/370474\/revisions\/414326"}],"wp:featuredmedia":[{"embeddable":true,"href":"https:\/\/irankiuzona.lt\/ru\/wp-json\/wp\/v2\/media\/176940"}],"wp:attachment":[{"href":"https:\/\/irankiuzona.lt\/ru\/wp-json\/wp\/v2\/media?parent=370474"}],"wp:term":[{"taxonomy":"product_cat","embeddable":true,"href":"https:\/\/irankiuzona.lt\/ru\/wp-json\/wp\/v2\/product_cat?post=370474"},{"taxonomy":"product_tag","embeddable":true,"href":"https:\/\/irankiuzona.lt\/ru\/wp-json\/wp\/v2\/product_tag?post=370474"}],"curies":[{"name":"wp","href":"https:\/\/api.w.org\/{rel}","templated":true}]}}