{"id":370480,"date":"2024-10-20T13:39:12","date_gmt":"2024-10-20T13:39:12","guid":{"rendered":"https:\/\/irankiuzona.lt\/product\/purkstuku-lizdu-pravalymo-komplektas\/"},"modified":"2026-04-14T14:11:26","modified_gmt":"2026-04-14T14:11:26","slug":"purkstuku-lizdu-pravalymo-komplektas","status":"publish","type":"product","link":"https:\/\/irankiuzona.lt\/ru\/product\/purkstuku-lizdu-pravalymo-komplektas\/","title":{"rendered":"Purk\u0161tuk\u0173 lizd\u0173 pravalymo komplektas"},"content":{"rendered":"<p>Frezos 15\/17\/19 mm<\/p>","protected":false},"excerpt":{"rendered":"<p>Purk\u0161tuk\u0173 lizd\u0173 pravalymo komplektas<\/p>","protected":false},"featured_media":177088,"comment_status":"open","ping_status":"open","template":"","meta":[],"product_cat":[9698],"product_tag":[9898],"class_list":{"0":"post-370480","1":"product","2":"type-product","3":"status-publish","4":"has-post-thumbnail","6":"product_brand-avtodelo","7":"product_cat-frezos-raiberiai-purkstukams","8":"product_tag-avtodelo","10":"first","11":"instock","12":"purchasable","13":"product-type-simple"},"jetpack_sharing_enabled":true,"_links":{"self":[{"href":"https:\/\/irankiuzona.lt\/ru\/wp-json\/wp\/v2\/product\/370480","targetHints":{"allow":["GET"]}}],"collection":[{"href":"https:\/\/irankiuzona.lt\/ru\/wp-json\/wp\/v2\/product"}],"about":[{"href":"https:\/\/irankiuzona.lt\/ru\/wp-json\/wp\/v2\/types\/product"}],"replies":[{"embeddable":true,"href":"https:\/\/irankiuzona.lt\/ru\/wp-json\/wp\/v2\/comments?post=370480"}],"version-history":[{"count":1,"href":"https:\/\/irankiuzona.lt\/ru\/wp-json\/wp\/v2\/product\/370480\/revisions"}],"predecessor-version":[{"id":414389,"href":"https:\/\/irankiuzona.lt\/ru\/wp-json\/wp\/v2\/product\/370480\/revisions\/414389"}],"wp:featuredmedia":[{"embeddable":true,"href":"https:\/\/irankiuzona.lt\/ru\/wp-json\/wp\/v2\/media\/177088"}],"wp:attachment":[{"href":"https:\/\/irankiuzona.lt\/ru\/wp-json\/wp\/v2\/media?parent=370480"}],"wp:term":[{"taxonomy":"product_cat","embeddable":true,"href":"https:\/\/irankiuzona.lt\/ru\/wp-json\/wp\/v2\/product_cat?post=370480"},{"taxonomy":"product_tag","embeddable":true,"href":"https:\/\/irankiuzona.lt\/ru\/wp-json\/wp\/v2\/product_tag?post=370480"}],"curies":[{"name":"wp","href":"https:\/\/api.w.org\/{rel}","templated":true}]}}