{"id":370486,"date":"2024-10-20T13:39:36","date_gmt":"2024-10-20T13:39:36","guid":{"rendered":"https:\/\/irankiuzona.lt\/product\/galvute-daugiafunkcine-1-2-10mm\/"},"modified":"2026-04-14T19:22:43","modified_gmt":"2026-04-14T19:22:43","slug":"galvute-daugiafunkcine-1-2-10mm","status":"publish","type":"product","link":"https:\/\/irankiuzona.lt\/ru\/product\/galvute-daugiafunkcine-1-2-10mm\/","title":{"rendered":"Galvut\u0117 daugiafunkcin\u0117 1\/2 10mm"},"content":{"rendered":"<p>Tinka metrin\u0117ms, colin\u0117ms,dvylikakamp\u0117ms, E formos,torx,spline,ribe, ver\u017el\u0117ms.<\/p>","protected":false},"excerpt":{"rendered":"<p>Galvut\u0117 daugiafunkcin\u0117 1\/2 10mm<\/p>","protected":false},"featured_media":177162,"comment_status":"open","ping_status":"open","template":"","meta":[],"product_cat":[9872],"product_tag":[9969],"class_list":{"0":"post-370486","1":"product","2":"type-product","3":"status-publish","4":"has-post-thumbnail","6":"product_brand-hogert-technik-vokietija","7":"product_cat-1-2-125mm-daugiafunkcines-galvutes","8":"product_tag-hogert-technik-vokietija","10":"first","11":"outofstock","12":"purchasable","13":"product-type-simple"},"jetpack_sharing_enabled":true,"_links":{"self":[{"href":"https:\/\/irankiuzona.lt\/ru\/wp-json\/wp\/v2\/product\/370486","targetHints":{"allow":["GET"]}}],"collection":[{"href":"https:\/\/irankiuzona.lt\/ru\/wp-json\/wp\/v2\/product"}],"about":[{"href":"https:\/\/irankiuzona.lt\/ru\/wp-json\/wp\/v2\/types\/product"}],"replies":[{"embeddable":true,"href":"https:\/\/irankiuzona.lt\/ru\/wp-json\/wp\/v2\/comments?post=370486"}],"version-history":[{"count":1,"href":"https:\/\/irankiuzona.lt\/ru\/wp-json\/wp\/v2\/product\/370486\/revisions"}],"predecessor-version":[{"id":414426,"href":"https:\/\/irankiuzona.lt\/ru\/wp-json\/wp\/v2\/product\/370486\/revisions\/414426"}],"wp:featuredmedia":[{"embeddable":true,"href":"https:\/\/irankiuzona.lt\/ru\/wp-json\/wp\/v2\/media\/177162"}],"wp:attachment":[{"href":"https:\/\/irankiuzona.lt\/ru\/wp-json\/wp\/v2\/media?parent=370486"}],"wp:term":[{"taxonomy":"product_cat","embeddable":true,"href":"https:\/\/irankiuzona.lt\/ru\/wp-json\/wp\/v2\/product_cat?post=370486"},{"taxonomy":"product_tag","embeddable":true,"href":"https:\/\/irankiuzona.lt\/ru\/wp-json\/wp\/v2\/product_tag?post=370486"}],"curies":[{"name":"wp","href":"https:\/\/api.w.org\/{rel}","templated":true}]}}