{"id":370524,"date":"2024-10-20T13:42:10","date_gmt":"2024-10-20T13:42:10","guid":{"rendered":"https:\/\/irankiuzona.lt\/product\/stogdengio-plaktukas-600g\/"},"modified":"2026-04-12T14:05:57","modified_gmt":"2026-04-12T14:05:57","slug":"stogdengio-plaktukas-600g","status":"publish","type":"product","link":"https:\/\/irankiuzona.lt\/ru\/product\/stogdengio-plaktukas-600g\/","title":{"rendered":"Stogdengio plaktukas 600g"},"content":{"rendered":"<p>. kaltin\u0117 ir gr\u016bdinta plaktuko galvut\u0117, 50-58 HRC. Vienos dalies kalto plieno galvut\u0117 ir rankena u\u017etikrina didesn\u012f patvarum\u0105. ergonomi\u0161ka neslystanti rankena su dviej\u0173 med\u017eiag\u0173 rankena<\/p>","protected":false},"excerpt":{"rendered":"<p>Stogdengio plaktukas 600g<\/p>","protected":false},"featured_media":177716,"comment_status":"open","ping_status":"open","template":"","meta":[],"product_cat":[9994],"product_tag":[9969],"class_list":{"0":"post-370524","1":"product","2":"type-product","3":"status-publish","4":"has-post-thumbnail","6":"product_brand-hogert-technik-vokietija","7":"product_cat-plaktukai-kujai","8":"product_tag-hogert-technik-vokietija","10":"first","11":"instock","12":"purchasable","13":"product-type-simple"},"jetpack_sharing_enabled":true,"_links":{"self":[{"href":"https:\/\/irankiuzona.lt\/ru\/wp-json\/wp\/v2\/product\/370524","targetHints":{"allow":["GET"]}}],"collection":[{"href":"https:\/\/irankiuzona.lt\/ru\/wp-json\/wp\/v2\/product"}],"about":[{"href":"https:\/\/irankiuzona.lt\/ru\/wp-json\/wp\/v2\/types\/product"}],"replies":[{"embeddable":true,"href":"https:\/\/irankiuzona.lt\/ru\/wp-json\/wp\/v2\/comments?post=370524"}],"version-history":[{"count":1,"href":"https:\/\/irankiuzona.lt\/ru\/wp-json\/wp\/v2\/product\/370524\/revisions"}],"predecessor-version":[{"id":414707,"href":"https:\/\/irankiuzona.lt\/ru\/wp-json\/wp\/v2\/product\/370524\/revisions\/414707"}],"wp:featuredmedia":[{"embeddable":true,"href":"https:\/\/irankiuzona.lt\/ru\/wp-json\/wp\/v2\/media\/177716"}],"wp:attachment":[{"href":"https:\/\/irankiuzona.lt\/ru\/wp-json\/wp\/v2\/media?parent=370524"}],"wp:term":[{"taxonomy":"product_cat","embeddable":true,"href":"https:\/\/irankiuzona.lt\/ru\/wp-json\/wp\/v2\/product_cat?post=370524"},{"taxonomy":"product_tag","embeddable":true,"href":"https:\/\/irankiuzona.lt\/ru\/wp-json\/wp\/v2\/product_tag?post=370524"}],"curies":[{"name":"wp","href":"https:\/\/api.w.org\/{rel}","templated":true}]}}