{"id":370526,"date":"2024-10-20T13:42:15","date_gmt":"2024-10-20T13:42:15","guid":{"rendered":"https:\/\/irankiuzona.lt\/product\/kirvis-1000-g-stiklo-pluosto-rankena\/"},"modified":"2026-04-08T05:54:08","modified_gmt":"2026-04-08T05:54:08","slug":"kirvis-1000-g-stiklo-pluosto-rankena","status":"publish","type":"product","link":"https:\/\/irankiuzona.lt\/ru\/product\/kirvis-1000-g-stiklo-pluosto-rankena\/","title":{"rendered":"Kirvis 1000 g stiklo pluo\u0161to rankena"},"content":{"rendered":"<p>Daugiafunkcis kirvis su stiklo pluo\u0161to rankena, skirtas skaldyti ir kapoti. Charakteristikos &#8211; kaltin\u0117 galvut\u0117 &#8211; gr\u016bdinta galvut\u0117, a\u0161men\u0173 kietumas 47-55 HRC &#8211; rankena i\u0161 HDL stiklo pluo\u0161to &#8211; ergonomi\u0161ka, neslystanti rankena padengta TPR &#8211; pagaminta pagal DIN 5132<\/p>","protected":false},"excerpt":{"rendered":"<p>Kirvis 1000 g stiklo pluo\u0161to rankena<\/p>","protected":false},"featured_media":177736,"comment_status":"open","ping_status":"open","template":"","meta":[],"product_cat":[9457],"product_tag":[9969],"class_list":{"0":"post-370526","1":"product","2":"type-product","3":"status-publish","4":"has-post-thumbnail","6":"product_brand-hogert-technik-vokietija","7":"product_cat-kirviai-kalunai-pleistai","8":"product_tag-hogert-technik-vokietija","10":"first","11":"instock","12":"purchasable","13":"product-type-simple"},"jetpack_sharing_enabled":true,"_links":{"self":[{"href":"https:\/\/irankiuzona.lt\/ru\/wp-json\/wp\/v2\/product\/370526","targetHints":{"allow":["GET"]}}],"collection":[{"href":"https:\/\/irankiuzona.lt\/ru\/wp-json\/wp\/v2\/product"}],"about":[{"href":"https:\/\/irankiuzona.lt\/ru\/wp-json\/wp\/v2\/types\/product"}],"replies":[{"embeddable":true,"href":"https:\/\/irankiuzona.lt\/ru\/wp-json\/wp\/v2\/comments?post=370526"}],"version-history":[{"count":0,"href":"https:\/\/irankiuzona.lt\/ru\/wp-json\/wp\/v2\/product\/370526\/revisions"}],"wp:featuredmedia":[{"embeddable":true,"href":"https:\/\/irankiuzona.lt\/ru\/wp-json\/wp\/v2\/media\/177736"}],"wp:attachment":[{"href":"https:\/\/irankiuzona.lt\/ru\/wp-json\/wp\/v2\/media?parent=370526"}],"wp:term":[{"taxonomy":"product_cat","embeddable":true,"href":"https:\/\/irankiuzona.lt\/ru\/wp-json\/wp\/v2\/product_cat?post=370526"},{"taxonomy":"product_tag","embeddable":true,"href":"https:\/\/irankiuzona.lt\/ru\/wp-json\/wp\/v2\/product_tag?post=370526"}],"curies":[{"name":"wp","href":"https:\/\/api.w.org\/{rel}","templated":true}]}}