{"id":370528,"date":"2024-10-20T13:43:04","date_gmt":"2024-10-20T13:43:04","guid":{"rendered":"https:\/\/irankiuzona.lt\/product\/smugine-galvute-1-2-32mm-ilga-6-kampe\/"},"modified":"2026-04-10T09:32:56","modified_gmt":"2026-04-10T09:32:56","slug":"smugine-galvute-1-2-32mm-ilga-6-kampe","status":"publish","type":"product","link":"https:\/\/irankiuzona.lt\/ru\/product\/smugine-galvute-1-2-32mm-ilga-6-kampe\/","title":{"rendered":"Sm\u016bgin\u0117 galvut\u0117 1\/2 32mm ilga 6-kamp\u0117"},"content":{"rendered":"<p>1\/2\u201d impact socket, long, designed for workshop operations, when assembling threaded connections with a hex head.<br \/>\n1\/2\u201d hex drive;made of high-quality alloy steel CrMo;highly durable;design extended to 78 mm, which facilitates operation in narrow spaces;drop-forged;compliant with the German DIN 3121 standard.<\/p>","protected":false},"excerpt":{"rendered":"<p>Sm\u016bgin\u0117, kalama 1\/2 ilga, \u0161e\u0161iakamp\u0117 32mm galvut\u0117 \/ Cr-Mo<\/p>","protected":false},"featured_media":177924,"comment_status":"open","ping_status":"open","template":"","meta":[],"product_cat":[9801],"product_tag":[9969],"class_list":{"0":"post-370528","1":"product","2":"type-product","3":"status-publish","4":"has-post-thumbnail","6":"product_brand-hogert-technik-vokietija","7":"product_cat-1-2-125-mm-ilgos-smugines-sesiakampes-galvutes","8":"product_tag-hogert-technik-vokietija","10":"first","11":"instock","12":"purchasable","13":"product-type-simple"},"jetpack_sharing_enabled":true,"_links":{"self":[{"href":"https:\/\/irankiuzona.lt\/ru\/wp-json\/wp\/v2\/product\/370528","targetHints":{"allow":["GET"]}}],"collection":[{"href":"https:\/\/irankiuzona.lt\/ru\/wp-json\/wp\/v2\/product"}],"about":[{"href":"https:\/\/irankiuzona.lt\/ru\/wp-json\/wp\/v2\/types\/product"}],"replies":[{"embeddable":true,"href":"https:\/\/irankiuzona.lt\/ru\/wp-json\/wp\/v2\/comments?post=370528"}],"version-history":[{"count":1,"href":"https:\/\/irankiuzona.lt\/ru\/wp-json\/wp\/v2\/product\/370528\/revisions"}],"predecessor-version":[{"id":414811,"href":"https:\/\/irankiuzona.lt\/ru\/wp-json\/wp\/v2\/product\/370528\/revisions\/414811"}],"wp:featuredmedia":[{"embeddable":true,"href":"https:\/\/irankiuzona.lt\/ru\/wp-json\/wp\/v2\/media\/177924"}],"wp:attachment":[{"href":"https:\/\/irankiuzona.lt\/ru\/wp-json\/wp\/v2\/media?parent=370528"}],"wp:term":[{"taxonomy":"product_cat","embeddable":true,"href":"https:\/\/irankiuzona.lt\/ru\/wp-json\/wp\/v2\/product_cat?post=370528"},{"taxonomy":"product_tag","embeddable":true,"href":"https:\/\/irankiuzona.lt\/ru\/wp-json\/wp\/v2\/product_tag?post=370528"}],"curies":[{"name":"wp","href":"https:\/\/api.w.org\/{rel}","templated":true}]}}