{"id":370534,"date":"2024-10-20T13:43:33","date_gmt":"2024-10-20T13:43:33","guid":{"rendered":"https:\/\/irankiuzona.lt\/product\/atsvaitines-darbines-kelnes-geltonos-2xl\/"},"modified":"2026-04-10T15:47:12","modified_gmt":"2026-04-10T15:47:12","slug":"atsvaitines-darbines-kelnes-geltonos-2xl","status":"publish","type":"product","link":"https:\/\/irankiuzona.lt\/ru\/product\/atsvaitines-darbines-kelnes-geltonos-2xl\/","title":{"rendered":"At\u0161vaitin\u0117s darbin\u0117s keln\u0117s, geltonos 2XL"},"content":{"rendered":"<p>Characteristics<br \/>\nmaterial: 80% polyester, 20% cotton;270 g\/m2;Oxford 600D reinforcing padding;triple seams ensuring high strength of trousers;high-visibility strips provide visibility in harsh conditions;Velcro-fastened knee pads pockets;equipped with 7 practical pockets:\u2013 2 upper deep pockets;\u2013 2 side pockets (1 cargo pocket, 1 folding pocket);\u2013 1 phone pocket;\u2013 2 back reinforced pockets, 1 with a Velcro flap;possibility of extending the trousers-legs;fitted at the waist via an elastic band.<\/p>","protected":false},"excerpt":{"rendered":"<p>At\u0161vaitin\u0117s darbin\u0117s keln\u0117s, geltonos 2XL<\/p>","protected":false},"featured_media":178026,"comment_status":"open","ping_status":"open","template":"","meta":[],"product_cat":[9992],"product_tag":[9969],"class_list":{"0":"post-370534","1":"product","2":"type-product","3":"status-publish","4":"has-post-thumbnail","6":"product_brand-hogert-technik-vokietija","7":"product_cat-darbines-kelnes","8":"product_tag-hogert-technik-vokietija","10":"first","11":"instock","12":"purchasable","13":"product-type-simple"},"jetpack_sharing_enabled":true,"_links":{"self":[{"href":"https:\/\/irankiuzona.lt\/ru\/wp-json\/wp\/v2\/product\/370534","targetHints":{"allow":["GET"]}}],"collection":[{"href":"https:\/\/irankiuzona.lt\/ru\/wp-json\/wp\/v2\/product"}],"about":[{"href":"https:\/\/irankiuzona.lt\/ru\/wp-json\/wp\/v2\/types\/product"}],"replies":[{"embeddable":true,"href":"https:\/\/irankiuzona.lt\/ru\/wp-json\/wp\/v2\/comments?post=370534"}],"version-history":[{"count":1,"href":"https:\/\/irankiuzona.lt\/ru\/wp-json\/wp\/v2\/product\/370534\/revisions"}],"predecessor-version":[{"id":414862,"href":"https:\/\/irankiuzona.lt\/ru\/wp-json\/wp\/v2\/product\/370534\/revisions\/414862"}],"wp:featuredmedia":[{"embeddable":true,"href":"https:\/\/irankiuzona.lt\/ru\/wp-json\/wp\/v2\/media\/178026"}],"wp:attachment":[{"href":"https:\/\/irankiuzona.lt\/ru\/wp-json\/wp\/v2\/media?parent=370534"}],"wp:term":[{"taxonomy":"product_cat","embeddable":true,"href":"https:\/\/irankiuzona.lt\/ru\/wp-json\/wp\/v2\/product_cat?post=370534"},{"taxonomy":"product_tag","embeddable":true,"href":"https:\/\/irankiuzona.lt\/ru\/wp-json\/wp\/v2\/product_tag?post=370534"}],"curies":[{"name":"wp","href":"https:\/\/api.w.org\/{rel}","templated":true}]}}