{"id":370588,"date":"2024-10-20T13:48:56","date_gmt":"2024-10-20T13:48:56","guid":{"rendered":"https:\/\/irankiuzona.lt\/product\/graztas-metalui-su-nutekintu-kotu-155-mm\/"},"modified":"2026-04-11T08:37:23","modified_gmt":"2026-04-11T08:37:23","slug":"graztas-metalui-su-nutekintu-kotu-155-mm","status":"publish","type":"product","link":"https:\/\/irankiuzona.lt\/ru\/product\/graztas-metalui-su-nutekintu-kotu-155-mm\/","title":{"rendered":"Gr\u0105\u017etas metalui su nutekintu kotu 15,5 mm"},"content":{"rendered":"<p>Gr\u0105\u017eto skersmuo 15,5 mm<br \/>\n1 vnt.<\/p>","protected":false},"excerpt":{"rendered":"<p>Metalo gr\u0105\u017etas su nutekintu kotu 15,5 mm<\/p>","protected":false},"featured_media":179348,"comment_status":"open","ping_status":"open","template":"","meta":[],"product_cat":[10023],"product_tag":[9646],"class_list":{"0":"post-370588","1":"product","2":"type-product","3":"status-publish","4":"has-post-thumbnail","6":"product_brand-drel-lenkija","7":"product_cat-graztai-metalui-su-nutekintu-kotu","8":"product_tag-drel-lenkija","10":"first","11":"outofstock","12":"purchasable","13":"product-type-simple"},"jetpack_sharing_enabled":true,"_links":{"self":[{"href":"https:\/\/irankiuzona.lt\/ru\/wp-json\/wp\/v2\/product\/370588","targetHints":{"allow":["GET"]}}],"collection":[{"href":"https:\/\/irankiuzona.lt\/ru\/wp-json\/wp\/v2\/product"}],"about":[{"href":"https:\/\/irankiuzona.lt\/ru\/wp-json\/wp\/v2\/types\/product"}],"replies":[{"embeddable":true,"href":"https:\/\/irankiuzona.lt\/ru\/wp-json\/wp\/v2\/comments?post=370588"}],"version-history":[{"count":1,"href":"https:\/\/irankiuzona.lt\/ru\/wp-json\/wp\/v2\/product\/370588\/revisions"}],"predecessor-version":[{"id":415430,"href":"https:\/\/irankiuzona.lt\/ru\/wp-json\/wp\/v2\/product\/370588\/revisions\/415430"}],"wp:featuredmedia":[{"embeddable":true,"href":"https:\/\/irankiuzona.lt\/ru\/wp-json\/wp\/v2\/media\/179348"}],"wp:attachment":[{"href":"https:\/\/irankiuzona.lt\/ru\/wp-json\/wp\/v2\/media?parent=370588"}],"wp:term":[{"taxonomy":"product_cat","embeddable":true,"href":"https:\/\/irankiuzona.lt\/ru\/wp-json\/wp\/v2\/product_cat?post=370588"},{"taxonomy":"product_tag","embeddable":true,"href":"https:\/\/irankiuzona.lt\/ru\/wp-json\/wp\/v2\/product_tag?post=370588"}],"curies":[{"name":"wp","href":"https:\/\/api.w.org\/{rel}","templated":true}]}}