{"id":370632,"date":"2024-10-20T13:53:42","date_gmt":"2024-10-20T13:53:42","guid":{"rendered":"https:\/\/irankiuzona.lt\/product\/dyzelio-purkstuku-diagnostikos-komplektas-common-rail\/"},"modified":"2025-03-26T14:00:24","modified_gmt":"2025-03-26T14:00:24","slug":"dyzelio-purkstuku-diagnostikos-komplektas-common-rail","status":"publish","type":"product","link":"https:\/\/irankiuzona.lt\/ru\/product\/dyzelio-purkstuku-diagnostikos-komplektas-common-rail\/","title":{"rendered":"Dyzelio purk\u0161tuk\u0173 diagnostikos komplektas \/ Common-Rail"},"content":{"rendered":"<p>Common rail purk\u0161tuk\u0173 diagnostikos komplektas dyzel.Bosch, Delphi, Denso, Siemens.<\/p>","protected":false},"excerpt":{"rendered":"<p>Dyzelino purk\u0161tuk\u0173 (gr\u012f\u017etam\u0173j\u0173) diagnostikos komplektas \/ Common-Rail<\/p>","protected":false},"featured_media":180642,"comment_status":"open","ping_status":"open","template":"","meta":[],"product_cat":[9700],"product_tag":[9898],"class_list":{"0":"post-370632","1":"product","2":"type-product","3":"status-publish","4":"has-post-thumbnail","6":"product_brand-avtodelo","7":"product_cat-dyzeliniu-purkstuku-diagnostika","8":"product_tag-avtodelo","10":"first","11":"outofstock","12":"purchasable","13":"product-type-simple"},"jetpack_sharing_enabled":true,"_links":{"self":[{"href":"https:\/\/irankiuzona.lt\/ru\/wp-json\/wp\/v2\/product\/370632","targetHints":{"allow":["GET"]}}],"collection":[{"href":"https:\/\/irankiuzona.lt\/ru\/wp-json\/wp\/v2\/product"}],"about":[{"href":"https:\/\/irankiuzona.lt\/ru\/wp-json\/wp\/v2\/types\/product"}],"replies":[{"embeddable":true,"href":"https:\/\/irankiuzona.lt\/ru\/wp-json\/wp\/v2\/comments?post=370632"}],"version-history":[{"count":0,"href":"https:\/\/irankiuzona.lt\/ru\/wp-json\/wp\/v2\/product\/370632\/revisions"}],"wp:featuredmedia":[{"embeddable":true,"href":"https:\/\/irankiuzona.lt\/ru\/wp-json\/wp\/v2\/media\/180642"}],"wp:attachment":[{"href":"https:\/\/irankiuzona.lt\/ru\/wp-json\/wp\/v2\/media?parent=370632"}],"wp:term":[{"taxonomy":"product_cat","embeddable":true,"href":"https:\/\/irankiuzona.lt\/ru\/wp-json\/wp\/v2\/product_cat?post=370632"},{"taxonomy":"product_tag","embeddable":true,"href":"https:\/\/irankiuzona.lt\/ru\/wp-json\/wp\/v2\/product_tag?post=370632"}],"curies":[{"name":"wp","href":"https:\/\/api.w.org\/{rel}","templated":true}]}}