{"id":370642,"date":"2024-10-20T13:54:19","date_gmt":"2024-10-20T13:54:19","guid":{"rendered":"https:\/\/irankiuzona.lt\/product\/terksle-1-cr-mo-24dantu-510mm\/"},"modified":"2026-04-13T11:25:34","modified_gmt":"2026-04-13T11:25:34","slug":"terksle-1-cr-mo-24dantu-510mm","status":"publish","type":"product","link":"https:\/\/irankiuzona.lt\/ru\/product\/terksle-1-cr-mo-24dantu-510mm\/","title":{"rendered":"Terk\u0161l\u0117 1&#8221; Cr-Mo 24dant\u0173 \/ 510mm"},"content":{"rendered":"<p>\u2022 Mechanism with 24 teeth allows to rotate by 15 degrees minimum angle.<br \/>\n\u2022 Equipped with a flag switch and holding ball.<br \/>\n\u2022 Made by hot stamping (forging hammers).<br \/>\n\u2022 Material &#8211; chromium-molybdenum tool steel CrMo.<br \/>\n\u2022 It is hardened to hardness not less t<\/p>","protected":false},"excerpt":{"rendered":"<p>Terk\u0161l\u0117 1&#8221; Cr-Mo 24dant\u0173 \/ 510mm<\/p>","protected":false},"featured_media":180796,"comment_status":"open","ping_status":"open","template":"","meta":[],"product_cat":[9507],"product_tag":[9898],"class_list":{"0":"post-370642","1":"product","2":"type-product","3":"status-publish","4":"has-post-thumbnail","6":"product_brand-avtodelo","7":"product_cat-terksles-galvutems","8":"product_tag-avtodelo","10":"first","11":"instock","12":"purchasable","13":"product-type-simple"},"jetpack_sharing_enabled":true,"_links":{"self":[{"href":"https:\/\/irankiuzona.lt\/ru\/wp-json\/wp\/v2\/product\/370642","targetHints":{"allow":["GET"]}}],"collection":[{"href":"https:\/\/irankiuzona.lt\/ru\/wp-json\/wp\/v2\/product"}],"about":[{"href":"https:\/\/irankiuzona.lt\/ru\/wp-json\/wp\/v2\/types\/product"}],"replies":[{"embeddable":true,"href":"https:\/\/irankiuzona.lt\/ru\/wp-json\/wp\/v2\/comments?post=370642"}],"version-history":[{"count":1,"href":"https:\/\/irankiuzona.lt\/ru\/wp-json\/wp\/v2\/product\/370642\/revisions"}],"predecessor-version":[{"id":416016,"href":"https:\/\/irankiuzona.lt\/ru\/wp-json\/wp\/v2\/product\/370642\/revisions\/416016"}],"wp:featuredmedia":[{"embeddable":true,"href":"https:\/\/irankiuzona.lt\/ru\/wp-json\/wp\/v2\/media\/180796"}],"wp:attachment":[{"href":"https:\/\/irankiuzona.lt\/ru\/wp-json\/wp\/v2\/media?parent=370642"}],"wp:term":[{"taxonomy":"product_cat","embeddable":true,"href":"https:\/\/irankiuzona.lt\/ru\/wp-json\/wp\/v2\/product_cat?post=370642"},{"taxonomy":"product_tag","embeddable":true,"href":"https:\/\/irankiuzona.lt\/ru\/wp-json\/wp\/v2\/product_tag?post=370642"}],"curies":[{"name":"wp","href":"https:\/\/api.w.org\/{rel}","templated":true}]}}