{"id":370644,"date":"2024-10-20T13:54:45","date_gmt":"2024-10-20T13:54:45","guid":{"rendered":"https:\/\/irankiuzona.lt\/product\/leksteliu-komplektas-tepalo-filtrams-15-daliu\/"},"modified":"2026-04-13T08:28:21","modified_gmt":"2026-04-13T08:28:21","slug":"leksteliu-komplektas-tepalo-filtrams-15-daliu","status":"publish","type":"product","link":"https:\/\/irankiuzona.lt\/ru\/product\/leksteliu-komplektas-tepalo-filtrams-15-daliu\/","title":{"rendered":"L\u0117k\u0161teli\u0173 komplektas tepalo filtrams \/ 15 dali\u0173"},"content":{"rendered":"<p>Tepalo filtro raktai :\u00a0 \u00a0<\/p>\n<p>65 mm. 14 kamp\u0173;<br \/>\n 65\/67 mm. 14 kamp\u0173;<br \/>\n 68 mm. 14 kamp\u0173;<br \/>\n 73 mm. 14 kamp\u0173;<br \/>\n74\/76 mm. 15 kamp\u0173;<br \/>\n 75\/77 mm. 15 kamp\u0173;<br \/>\n 74\/76 mm. 15 kamp\u0173;<br \/>\n 76 mm. 30 kamp\u0173;<br \/>\n 80 mm. 15 kamp\u0173;<br \/>\n82 mm. 15 kamp\u0173;<br \/>\n 90 mm. 15 kamp\u0173;<br \/>\n 93 mm. 15 kamp\u0173;<br \/>\n 93 mm. 36 kamp\u0173;<br \/>\n 100 mm. 15 kamp\u0173.<\/p>","protected":false},"excerpt":{"rendered":"<p>L\u0117k\u0161tel\u0117s tepalo filtrui \/ 15 dali\u0173 komplektas\u00a0<\/p>","protected":false},"featured_media":180908,"comment_status":"open","ping_status":"open","template":"","meta":[],"product_cat":[9547],"product_tag":[9898],"class_list":{"0":"post-370644","1":"product","2":"type-product","3":"status-publish","4":"has-post-thumbnail","6":"product_brand-avtodelo","7":"product_cat-galvu-komplektai-tepalo-filtrams","8":"product_tag-avtodelo","10":"first","11":"outofstock","12":"purchasable","13":"product-type-simple"},"jetpack_sharing_enabled":true,"_links":{"self":[{"href":"https:\/\/irankiuzona.lt\/ru\/wp-json\/wp\/v2\/product\/370644","targetHints":{"allow":["GET"]}}],"collection":[{"href":"https:\/\/irankiuzona.lt\/ru\/wp-json\/wp\/v2\/product"}],"about":[{"href":"https:\/\/irankiuzona.lt\/ru\/wp-json\/wp\/v2\/types\/product"}],"replies":[{"embeddable":true,"href":"https:\/\/irankiuzona.lt\/ru\/wp-json\/wp\/v2\/comments?post=370644"}],"version-history":[{"count":1,"href":"https:\/\/irankiuzona.lt\/ru\/wp-json\/wp\/v2\/product\/370644\/revisions"}],"predecessor-version":[{"id":416052,"href":"https:\/\/irankiuzona.lt\/ru\/wp-json\/wp\/v2\/product\/370644\/revisions\/416052"}],"wp:featuredmedia":[{"embeddable":true,"href":"https:\/\/irankiuzona.lt\/ru\/wp-json\/wp\/v2\/media\/180908"}],"wp:attachment":[{"href":"https:\/\/irankiuzona.lt\/ru\/wp-json\/wp\/v2\/media?parent=370644"}],"wp:term":[{"taxonomy":"product_cat","embeddable":true,"href":"https:\/\/irankiuzona.lt\/ru\/wp-json\/wp\/v2\/product_cat?post=370644"},{"taxonomy":"product_tag","embeddable":true,"href":"https:\/\/irankiuzona.lt\/ru\/wp-json\/wp\/v2\/product_tag?post=370644"}],"curies":[{"name":"wp","href":"https:\/\/api.w.org\/{rel}","templated":true}]}}