{"id":370652,"date":"2024-10-20T13:55:33","date_gmt":"2024-10-20T13:55:33","guid":{"rendered":"https:\/\/irankiuzona.lt\/product\/spec-raktas-dsg-7-begiu-pavaru-dezei-vag\/"},"modified":"2026-05-15T20:55:54","modified_gmt":"2026-05-15T20:55:54","slug":"spec-raktas-dsg-7-begiu-pavaru-dezei-vag","status":"publish","type":"product","link":"https:\/\/irankiuzona.lt\/ru\/product\/spec-raktas-dsg-7-begiu-pavaru-dezei-vag\/","title":{"rendered":"Spec.raktas DSG 7-b\u0117gi\u0173 pavar\u0173 de\u017eei VAG"},"content":{"rendered":"<p>Assembly Lever for DSG 7-Speed Transmission, Audi \/ VW \/ Volkswagen \/ VAG<\/p>\n<p>for assembly and disassembly of the mechatronic unit<br \/>\nfor releasing the engaging lever during transmission repair<br \/>\nin Audi A3 (8V1, 8VK), A3 Cabriolet (8V7, 8VE), A3 Limousine (8VS, 8VM), A3 Sportback (8VA, 8VF), Q2 (GAB), Q3 (F3B), TT (FV3, FVP) and TT Roadster (FV9, FVR)<br \/>\nin Seat Ateca (KH7), Leon ST (5F8) and Leon (5F1)<br \/>\nin Skoda Karoq (NU7), Kodiaq (NS7), Octavia III (5E3, NL3, NR3), Octavia III Combi (5E5), Superb III (3V3) and Superb III Kombi (3V5)<br \/>\nin VW Arteon (3H7), Golf Sportsvan (AM1, AN1), Golf VII (5G1, BQ1, BE1, BE2), Golf VII Variant (BA5, BV5), Passat (3G2), Passat Alltrack (3G5), Passat Variant (3G5), Tiguan (AD1), Tiguan Allspace (BW2), Touran (5T1) and T-Roc (A11)<\/p>\n<p>OEM kodas:\u00a0T10407Tinka:\u00a0AUDI, SEAT, SKODA, VOLKSWAGEN<\/p>","protected":false},"excerpt":{"rendered":"<p>Spec.raktas DSG 7-b\u0117gi\u0173 pavar\u0173 de\u017eei VAG\u00a0T10407<\/p>","protected":false},"featured_media":181112,"comment_status":"open","ping_status":"open","template":"","meta":[],"product_cat":[9550],"product_tag":[9462],"class_list":{"0":"post-370652","1":"product","2":"type-product","3":"status-publish","4":"has-post-thumbnail","6":"product_brand-condor-werkzeug-vokietija","7":"product_cat-kiti-matuokliai-stetoskopai-termometrai-karbiuratoriams","8":"product_tag-condor-werkzeug-vokietija","10":"first","11":"instock","12":"purchasable","13":"product-type-simple"},"jetpack_sharing_enabled":true,"_links":{"self":[{"href":"https:\/\/irankiuzona.lt\/ru\/wp-json\/wp\/v2\/product\/370652","targetHints":{"allow":["GET"]}}],"collection":[{"href":"https:\/\/irankiuzona.lt\/ru\/wp-json\/wp\/v2\/product"}],"about":[{"href":"https:\/\/irankiuzona.lt\/ru\/wp-json\/wp\/v2\/types\/product"}],"replies":[{"embeddable":true,"href":"https:\/\/irankiuzona.lt\/ru\/wp-json\/wp\/v2\/comments?post=370652"}],"version-history":[{"count":1,"href":"https:\/\/irankiuzona.lt\/ru\/wp-json\/wp\/v2\/product\/370652\/revisions"}],"predecessor-version":[{"id":416150,"href":"https:\/\/irankiuzona.lt\/ru\/wp-json\/wp\/v2\/product\/370652\/revisions\/416150"}],"wp:featuredmedia":[{"embeddable":true,"href":"https:\/\/irankiuzona.lt\/ru\/wp-json\/wp\/v2\/media\/181112"}],"wp:attachment":[{"href":"https:\/\/irankiuzona.lt\/ru\/wp-json\/wp\/v2\/media?parent=370652"}],"wp:term":[{"taxonomy":"product_cat","embeddable":true,"href":"https:\/\/irankiuzona.lt\/ru\/wp-json\/wp\/v2\/product_cat?post=370652"},{"taxonomy":"product_tag","embeddable":true,"href":"https:\/\/irankiuzona.lt\/ru\/wp-json\/wp\/v2\/product_tag?post=370652"}],"curies":[{"name":"wp","href":"https:\/\/api.w.org\/{rel}","templated":true}]}}