{"id":370668,"date":"2024-10-20T13:56:55","date_gmt":"2024-10-20T13:56:55","guid":{"rendered":"https:\/\/irankiuzona.lt\/product\/magnetinis-laikiklis-1-4-galvutems-26daliu\/"},"modified":"2026-05-14T13:42:58","modified_gmt":"2026-05-14T13:42:58","slug":"magnetinis-laikiklis-1-4-galvutems-26daliu","status":"publish","type":"product","link":"https:\/\/irankiuzona.lt\/ru\/product\/magnetinis-laikiklis-1-4-galvutems-26daliu\/","title":{"rendered":"Magnetinis laikiklis 1\/4 galvut\u0117ms \/ 26dali\u0173"},"content":{"rendered":"<p>Magnetinis 1\/4 galvu\u010di\u0173 laikiklis, trumpoms ir ilgoms galvut\u0117ms.Tinka dyd\u017eiams: iki 14mm<\/p>","protected":false},"excerpt":{"rendered":"<p>Magnetinis 1\/4 galvu\u010di\u0173 laikiklis \/ iki 14mm \/ 26dali\u0173<\/p>","protected":false},"featured_media":181398,"comment_status":"open","ping_status":"open","template":"","meta":[],"product_cat":[9461],"product_tag":[9435],"class_list":{"0":"post-370668","1":"product","2":"type-product","3":"status-publish","4":"has-post-thumbnail","6":"product_brand-kinija","7":"product_cat-laikikliai-galvutems","8":"product_tag-kinija","10":"first","11":"outofstock","12":"purchasable","13":"product-type-simple"},"jetpack_sharing_enabled":true,"_links":{"self":[{"href":"https:\/\/irankiuzona.lt\/ru\/wp-json\/wp\/v2\/product\/370668","targetHints":{"allow":["GET"]}}],"collection":[{"href":"https:\/\/irankiuzona.lt\/ru\/wp-json\/wp\/v2\/product"}],"about":[{"href":"https:\/\/irankiuzona.lt\/ru\/wp-json\/wp\/v2\/types\/product"}],"replies":[{"embeddable":true,"href":"https:\/\/irankiuzona.lt\/ru\/wp-json\/wp\/v2\/comments?post=370668"}],"version-history":[{"count":1,"href":"https:\/\/irankiuzona.lt\/ru\/wp-json\/wp\/v2\/product\/370668\/revisions"}],"predecessor-version":[{"id":416279,"href":"https:\/\/irankiuzona.lt\/ru\/wp-json\/wp\/v2\/product\/370668\/revisions\/416279"}],"wp:featuredmedia":[{"embeddable":true,"href":"https:\/\/irankiuzona.lt\/ru\/wp-json\/wp\/v2\/media\/181398"}],"wp:attachment":[{"href":"https:\/\/irankiuzona.lt\/ru\/wp-json\/wp\/v2\/media?parent=370668"}],"wp:term":[{"taxonomy":"product_cat","embeddable":true,"href":"https:\/\/irankiuzona.lt\/ru\/wp-json\/wp\/v2\/product_cat?post=370668"},{"taxonomy":"product_tag","embeddable":true,"href":"https:\/\/irankiuzona.lt\/ru\/wp-json\/wp\/v2\/product_tag?post=370668"}],"curies":[{"name":"wp","href":"https:\/\/api.w.org\/{rel}","templated":true}]}}