{"id":370740,"date":"2024-10-20T14:08:50","date_gmt":"2024-10-20T14:08:50","guid":{"rendered":"https:\/\/irankiuzona.lt\/product\/smugine-galvute-3-4-26mm-6-kampe\/"},"modified":"2026-05-16T22:01:52","modified_gmt":"2026-05-16T22:01:52","slug":"smugine-galvute-3-4-26mm-6-kampe","status":"publish","type":"product","link":"https:\/\/irankiuzona.lt\/ru\/product\/smugine-galvute-3-4-26mm-6-kampe\/","title":{"rendered":"Sm\u016bgin\u0117 galvut\u0117 3\/4 26mm 6-kamp\u0117"},"content":{"rendered":"<p>chrome &#8211; molybdenum steel<\/p>","protected":false},"excerpt":{"rendered":"<p>Galvut\u0117 sm\u016bgin\u0117 26mm 3\/4&#8221;\u00a0\/ Cr-Mo<\/p>","protected":false},"featured_media":183124,"comment_status":"open","ping_status":"open","template":"","meta":[],"product_cat":[9792],"product_tag":[9778],"class_list":{"0":"post-370740","1":"product","2":"type-product","3":"status-publish","4":"has-post-thumbnail","6":"product_brand-triumf-professional-tools-slovakija","7":"product_cat-3-4-20-mm-trumpos-smugines-sesiakampes-galvutes","8":"product_tag-triumf-professional-tools-slovakija","10":"first","11":"instock","12":"purchasable","13":"product-type-simple"},"jetpack_sharing_enabled":true,"_links":{"self":[{"href":"https:\/\/irankiuzona.lt\/ru\/wp-json\/wp\/v2\/product\/370740","targetHints":{"allow":["GET"]}}],"collection":[{"href":"https:\/\/irankiuzona.lt\/ru\/wp-json\/wp\/v2\/product"}],"about":[{"href":"https:\/\/irankiuzona.lt\/ru\/wp-json\/wp\/v2\/types\/product"}],"replies":[{"embeddable":true,"href":"https:\/\/irankiuzona.lt\/ru\/wp-json\/wp\/v2\/comments?post=370740"}],"version-history":[{"count":1,"href":"https:\/\/irankiuzona.lt\/ru\/wp-json\/wp\/v2\/product\/370740\/revisions"}],"predecessor-version":[{"id":417113,"href":"https:\/\/irankiuzona.lt\/ru\/wp-json\/wp\/v2\/product\/370740\/revisions\/417113"}],"wp:featuredmedia":[{"embeddable":true,"href":"https:\/\/irankiuzona.lt\/ru\/wp-json\/wp\/v2\/media\/183124"}],"wp:attachment":[{"href":"https:\/\/irankiuzona.lt\/ru\/wp-json\/wp\/v2\/media?parent=370740"}],"wp:term":[{"taxonomy":"product_cat","embeddable":true,"href":"https:\/\/irankiuzona.lt\/ru\/wp-json\/wp\/v2\/product_cat?post=370740"},{"taxonomy":"product_tag","embeddable":true,"href":"https:\/\/irankiuzona.lt\/ru\/wp-json\/wp\/v2\/product_tag?post=370740"}],"curies":[{"name":"wp","href":"https:\/\/api.w.org\/{rel}","templated":true}]}}