{"id":370810,"date":"2024-10-20T14:28:51","date_gmt":"2024-10-20T14:28:51","guid":{"rendered":"https:\/\/irankiuzona.lt\/product\/multimetras\/"},"modified":"2026-05-14T18:50:25","modified_gmt":"2026-05-14T18:50:25","slug":"multimetras","status":"publish","type":"product","link":"https:\/\/irankiuzona.lt\/ru\/product\/multimetras\/","title":{"rendered":"Multimetras"},"content":{"rendered":"<p>DATA HOLD ekrane i\u0161laiko \u0161iuo metu i\u0161matuot\u0105 vert\u0119;<br \/>\nLIVE &#8211; kabelio faz\u0117s matavimas \/ aptinka kintamosios srov\u0117s laid\u0105;<br \/>\nmultimetras matuoja nuolatin\u0119 \u012ftamp\u0105 iki 600 V ir kintam\u0105 \u012ftamp\u0105 iki 600 V, nuolatin\u0119 srov\u0119 iki 10 A ir var\u017e\u0105 iki 2 M\u03a9, atlieka diod\u0173 ir t\u0119stinumo bei akumuliatoriaus bandymus esant 1,5 \/ 9 V;<br \/>\ndidelis skyst\u0173j\u0173 kristal\u0173 ekranas su m\u0117lynu ap\u0161vietimu leid\u017eia rodyti ir skaityti 1999 m. skai\u010di\u0173 net tamsoje; guminis korpuso dangtis apsaugo nuo mechanini\u0173 pa\u017eeidim\u0173;<br \/>\npatogi, ergonomi\u0161ka, kompakti\u0161ka forma leid\u017eia patogiai valdyti viena ranka;<br \/>\nmaitinamas 2&#215;1,5 V AAA baterijomis, ilgesnis baterijos tarnavimo laikas d\u0117l automatinio i\u0161jungimo;<br \/>\nstovas korpuso gale suteikia galimyb\u0119 pastatyti prietais\u0105, kad b\u016bt\u0173 geriau matomi rodomi duomenys, special\u016bs laikikliai kabeliams pritvirtinti ir laikiklis, skirtas matuokliui pakabinti ant sienos;<br \/>\npridedami\u00a0matavimo laidai.<\/p>","protected":false},"excerpt":{"rendered":"<p>Skaitmeninis multimetras naudojamas diagnozuoti ir aptikti sugedusius elektrinius komponentus. Naudojamas automobili\u0173, elektros ir montavimo pramon\u0117je.<\/p>","protected":false},"featured_media":185990,"comment_status":"open","ping_status":"open","template":"","meta":[],"product_cat":[9679],"product_tag":[9969],"class_list":{"0":"post-370810","1":"product","2":"type-product","3":"status-publish","4":"has-post-thumbnail","6":"product_brand-hogert-technik-vokietija","7":"product_cat-elektriko-testeriai-ivairus-matuokliai","8":"product_tag-hogert-technik-vokietija","10":"first","11":"instock","12":"purchasable","13":"product-type-simple"},"jetpack_sharing_enabled":true,"_links":{"self":[{"href":"https:\/\/irankiuzona.lt\/ru\/wp-json\/wp\/v2\/product\/370810","targetHints":{"allow":["GET"]}}],"collection":[{"href":"https:\/\/irankiuzona.lt\/ru\/wp-json\/wp\/v2\/product"}],"about":[{"href":"https:\/\/irankiuzona.lt\/ru\/wp-json\/wp\/v2\/types\/product"}],"replies":[{"embeddable":true,"href":"https:\/\/irankiuzona.lt\/ru\/wp-json\/wp\/v2\/comments?post=370810"}],"version-history":[{"count":1,"href":"https:\/\/irankiuzona.lt\/ru\/wp-json\/wp\/v2\/product\/370810\/revisions"}],"predecessor-version":[{"id":418430,"href":"https:\/\/irankiuzona.lt\/ru\/wp-json\/wp\/v2\/product\/370810\/revisions\/418430"}],"wp:featuredmedia":[{"embeddable":true,"href":"https:\/\/irankiuzona.lt\/ru\/wp-json\/wp\/v2\/media\/185990"}],"wp:attachment":[{"href":"https:\/\/irankiuzona.lt\/ru\/wp-json\/wp\/v2\/media?parent=370810"}],"wp:term":[{"taxonomy":"product_cat","embeddable":true,"href":"https:\/\/irankiuzona.lt\/ru\/wp-json\/wp\/v2\/product_cat?post=370810"},{"taxonomy":"product_tag","embeddable":true,"href":"https:\/\/irankiuzona.lt\/ru\/wp-json\/wp\/v2\/product_tag?post=370810"}],"curies":[{"name":"wp","href":"https:\/\/api.w.org\/{rel}","templated":true}]}}