{"id":370812,"date":"2024-10-20T14:29:34","date_gmt":"2024-10-20T14:29:34","guid":{"rendered":"https:\/\/irankiuzona.lt\/product\/pneumatinis-tepalo-uzpylimo-issiurbimo-komplektas-atf-adapteriai\/"},"modified":"2026-05-14T20:27:39","modified_gmt":"2026-05-14T20:27:39","slug":"pneumatinis-tepalo-uzpylimo-issiurbimo-komplektas-atf-adapteriai","status":"publish","type":"product","link":"https:\/\/irankiuzona.lt\/ru\/product\/pneumatinis-tepalo-uzpylimo-issiurbimo-komplektas-atf-adapteriai\/","title":{"rendered":"Pneumatinis tepalo u\u017epylimo-i\u0161siurbimo komplektas \/ ATF adapteriai"},"content":{"rendered":"<p>Single person operation. For the extraction and refilling of gearbox\/engine oils from motor vehicles, motor bikes, marine engines, generators etc. 8L container with trigger operation for easy use fitted with screw valve for easy dispensing\/extraction of fluids. Working pressure 0-30psi air supply required with 1\/4&quot;&quot; air inlet. Supplied with 1.00m of flexible rubber hose. With 13pcs adaptors for VW,AUDI,Mercedes,Posche,BMW,Honda,Nissan etc<\/p>","protected":false},"excerpt":{"rendered":"<p>Pneumatinis tepalo u\u017epylimo ir i\u0161siurbimo \u012frenginys su ATF adapteriais grei\u010di\u0173 d\u0117\u017eei \/ talpa 8 L\u00a0<\/p>","protected":false},"featured_media":186110,"comment_status":"open","ping_status":"open","template":"","meta":[],"product_cat":[10031],"product_tag":[9435],"class_list":{"0":"post-370812","1":"product","2":"type-product","3":"status-publish","4":"has-post-thumbnail","6":"product_brand-kinija","7":"product_cat-tepalo-uzpildymo-surinkimo-iranga-talpos-tepalams","8":"product_tag-kinija","10":"first","11":"outofstock","12":"purchasable","13":"product-type-simple"},"jetpack_sharing_enabled":true,"_links":{"self":[{"href":"https:\/\/irankiuzona.lt\/ru\/wp-json\/wp\/v2\/product\/370812","targetHints":{"allow":["GET"]}}],"collection":[{"href":"https:\/\/irankiuzona.lt\/ru\/wp-json\/wp\/v2\/product"}],"about":[{"href":"https:\/\/irankiuzona.lt\/ru\/wp-json\/wp\/v2\/types\/product"}],"replies":[{"embeddable":true,"href":"https:\/\/irankiuzona.lt\/ru\/wp-json\/wp\/v2\/comments?post=370812"}],"version-history":[{"count":1,"href":"https:\/\/irankiuzona.lt\/ru\/wp-json\/wp\/v2\/product\/370812\/revisions"}],"predecessor-version":[{"id":418486,"href":"https:\/\/irankiuzona.lt\/ru\/wp-json\/wp\/v2\/product\/370812\/revisions\/418486"}],"wp:featuredmedia":[{"embeddable":true,"href":"https:\/\/irankiuzona.lt\/ru\/wp-json\/wp\/v2\/media\/186110"}],"wp:attachment":[{"href":"https:\/\/irankiuzona.lt\/ru\/wp-json\/wp\/v2\/media?parent=370812"}],"wp:term":[{"taxonomy":"product_cat","embeddable":true,"href":"https:\/\/irankiuzona.lt\/ru\/wp-json\/wp\/v2\/product_cat?post=370812"},{"taxonomy":"product_tag","embeddable":true,"href":"https:\/\/irankiuzona.lt\/ru\/wp-json\/wp\/v2\/product_tag?post=370812"}],"curies":[{"name":"wp","href":"https:\/\/api.w.org\/{rel}","templated":true}]}}