{"id":370814,"date":"2024-10-20T14:29:47","date_gmt":"2024-10-20T14:29:47","guid":{"rendered":"https:\/\/irankiuzona.lt\/product\/vairo-traukiu-nuemejas-40mm\/"},"modified":"2026-04-10T04:27:43","modified_gmt":"2026-04-10T04:27:43","slug":"vairo-traukiu-nuemejas-40mm","status":"publish","type":"product","link":"https:\/\/irankiuzona.lt\/ru\/product\/vairo-traukiu-nuemejas-40mm\/","title":{"rendered":"Vairo trauki\u0173 nu\u0117m\u0117jas 40mm"},"content":{"rendered":"","protected":false},"excerpt":{"rendered":"<p>Vairo trauki\u0173 nu\u0117m\u0117jas 40mm<\/p>","protected":false},"featured_media":186156,"comment_status":"open","ping_status":"open","template":"","meta":[],"product_cat":[9528],"product_tag":[9932],"class_list":{"0":"post-370814","1":"product","2":"type-product","3":"status-publish","4":"has-post-thumbnail","6":"product_brand-taivanis-taiwan","7":"product_cat-vairo-traukiu-irankiai","8":"product_tag-taivanis-taiwan","10":"first","11":"instock","12":"purchasable","13":"product-type-simple"},"jetpack_sharing_enabled":true,"_links":{"self":[{"href":"https:\/\/irankiuzona.lt\/ru\/wp-json\/wp\/v2\/product\/370814","targetHints":{"allow":["GET"]}}],"collection":[{"href":"https:\/\/irankiuzona.lt\/ru\/wp-json\/wp\/v2\/product"}],"about":[{"href":"https:\/\/irankiuzona.lt\/ru\/wp-json\/wp\/v2\/types\/product"}],"replies":[{"embeddable":true,"href":"https:\/\/irankiuzona.lt\/ru\/wp-json\/wp\/v2\/comments?post=370814"}],"version-history":[{"count":1,"href":"https:\/\/irankiuzona.lt\/ru\/wp-json\/wp\/v2\/product\/370814\/revisions"}],"predecessor-version":[{"id":418509,"href":"https:\/\/irankiuzona.lt\/ru\/wp-json\/wp\/v2\/product\/370814\/revisions\/418509"}],"wp:featuredmedia":[{"embeddable":true,"href":"https:\/\/irankiuzona.lt\/ru\/wp-json\/wp\/v2\/media\/186156"}],"wp:attachment":[{"href":"https:\/\/irankiuzona.lt\/ru\/wp-json\/wp\/v2\/media?parent=370814"}],"wp:term":[{"taxonomy":"product_cat","embeddable":true,"href":"https:\/\/irankiuzona.lt\/ru\/wp-json\/wp\/v2\/product_cat?post=370814"},{"taxonomy":"product_tag","embeddable":true,"href":"https:\/\/irankiuzona.lt\/ru\/wp-json\/wp\/v2\/product_tag?post=370814"}],"curies":[{"name":"wp","href":"https:\/\/api.w.org\/{rel}","templated":true}]}}