{"id":370816,"date":"2024-10-20T14:29:54","date_gmt":"2024-10-20T14:29:54","guid":{"rendered":"https:\/\/irankiuzona.lt\/product\/valytuvu-nuemeju-komplektas-universalus\/"},"modified":"2026-04-10T02:41:40","modified_gmt":"2026-04-10T02:41:40","slug":"valytuvu-nuemeju-komplektas-universalus","status":"publish","type":"product","link":"https:\/\/irankiuzona.lt\/ru\/product\/valytuvu-nuemeju-komplektas-universalus\/","title":{"rendered":"Valytuv\u0173 nuem\u0117j\u0173 komplektas, universalus"},"content":{"rendered":"<p>Beveik vis\u0173 populiari\u0173 modeli\u0173 valytuv\u0173 ardymui;<br \/>\nPriekiniams ir galiniams langams<br \/>\nTinka ir valytuv\u0173 svirtims su integruotais purk\u0161tukais<\/p>","protected":false},"excerpt":{"rendered":"<p>Valytuv\u0173 nuem\u0117j\u0173 komplektas, universalus\u00a0 13 dali\u0173C5478\/AB<\/p>","protected":false},"featured_media":186190,"comment_status":"open","ping_status":"open","template":"","meta":[],"product_cat":[9530],"product_tag":[9462],"class_list":{"0":"post-370816","1":"product","2":"type-product","3":"status-publish","4":"has-post-thumbnail","6":"product_brand-condor-werkzeug-vokietija","7":"product_cat-valytuvu-nuemimui","8":"product_tag-condor-werkzeug-vokietija","10":"first","11":"instock","12":"purchasable","13":"product-type-simple"},"jetpack_sharing_enabled":true,"_links":{"self":[{"href":"https:\/\/irankiuzona.lt\/ru\/wp-json\/wp\/v2\/product\/370816","targetHints":{"allow":["GET"]}}],"collection":[{"href":"https:\/\/irankiuzona.lt\/ru\/wp-json\/wp\/v2\/product"}],"about":[{"href":"https:\/\/irankiuzona.lt\/ru\/wp-json\/wp\/v2\/types\/product"}],"replies":[{"embeddable":true,"href":"https:\/\/irankiuzona.lt\/ru\/wp-json\/wp\/v2\/comments?post=370816"}],"version-history":[{"count":1,"href":"https:\/\/irankiuzona.lt\/ru\/wp-json\/wp\/v2\/product\/370816\/revisions"}],"predecessor-version":[{"id":418519,"href":"https:\/\/irankiuzona.lt\/ru\/wp-json\/wp\/v2\/product\/370816\/revisions\/418519"}],"wp:featuredmedia":[{"embeddable":true,"href":"https:\/\/irankiuzona.lt\/ru\/wp-json\/wp\/v2\/media\/186190"}],"wp:attachment":[{"href":"https:\/\/irankiuzona.lt\/ru\/wp-json\/wp\/v2\/media?parent=370816"}],"wp:term":[{"taxonomy":"product_cat","embeddable":true,"href":"https:\/\/irankiuzona.lt\/ru\/wp-json\/wp\/v2\/product_cat?post=370816"},{"taxonomy":"product_tag","embeddable":true,"href":"https:\/\/irankiuzona.lt\/ru\/wp-json\/wp\/v2\/product_tag?post=370816"}],"curies":[{"name":"wp","href":"https:\/\/api.w.org\/{rel}","templated":true}]}}